{"id":80,"date":"2016-02-16T14:39:06","date_gmt":"2016-02-16T14:39:06","guid":{"rendered":"http:\/\/demo.athemes.com\/astrid\/?page_id=80"},"modified":"2026-04-08T11:14:45","modified_gmt":"2026-04-08T11:14:45","slug":"homepage","status":"publish","type":"page","link":"https:\/\/quatricinia.com\/fr\/","title":{"rendered":"L\u2019ensemble"},"content":{"rendered":"<div data-elementor-type=\"wp-page\" data-elementor-id=\"80\" class=\"elementor elementor-80\">\n\t\t\t\t\t\t<section class=\"elementor-section elementor-top-section elementor-element elementor-element-f84aaff elementor-section-boxed elementor-section-height-default elementor-section-height-default\" data-id=\"f84aaff\" data-element_type=\"section\" data-e-type=\"section\">\n\t\t\t\t\t\t<div class=\"elementor-container elementor-column-gap-default\">\n\t\t\t\t\t<div class=\"elementor-column elementor-col-100 elementor-top-column elementor-element elementor-element-c0d0bc0\" data-id=\"c0d0bc0\" data-element_type=\"column\" data-e-type=\"column\">\n\t\t\t<div class=\"elementor-widget-wrap elementor-element-populated\">\n\t\t\t\t\t\t<div class=\"elementor-element elementor-element-9acae94 elementor-widget elementor-widget-spacer\" data-id=\"9acae94\" data-element_type=\"widget\" data-e-type=\"widget\" data-widget_type=\"spacer.default\">\n\t\t\t\t<div class=\"elementor-widget-container\">\n\t\t\t\t\t\t\t<div class=\"elementor-spacer\">\n\t\t\t<div class=\"elementor-spacer-inner\"><\/div>\n\t\t<\/div>\n\t\t\t\t\t\t<\/div>\n\t\t\t\t<\/div>\n\t\t\t\t<div class=\"elementor-element elementor-element-b17ecca elementor-widget elementor-widget-image\" data-id=\"b17ecca\" data-element_type=\"widget\" data-e-type=\"widget\" data-widget_type=\"image.default\">\n\t\t\t\t<div class=\"elementor-widget-container\">\n\t\t\t\t\t\t\t\t\t\t\t\t<figure class=\"wp-caption\">\n\t\t\t\t\t\t\t\t\t\t\t<a href=\"https:\/\/quatricinia.com\/fr\/projekte\/\">\n\t\t\t\t\t\t\t<img fetchpriority=\"high\" decoding=\"async\" width=\"800\" height=\"534\" src=\"https:\/\/quatricinia.com\/wp-content\/uploads\/2025\/11\/quatricinia-renaissance-1-2-1024x683.jpg\" class=\"attachment-large size-large wp-image-1131\" alt=\"\" srcset=\"https:\/\/quatricinia.com\/wp-content\/uploads\/2025\/11\/quatricinia-renaissance-1-2-1024x683.jpg 1024w, https:\/\/quatricinia.com\/wp-content\/uploads\/2025\/11\/quatricinia-renaissance-1-2-300x200.jpg 300w, https:\/\/quatricinia.com\/wp-content\/uploads\/2025\/11\/quatricinia-renaissance-1-2-768x512.jpg 768w, https:\/\/quatricinia.com\/wp-content\/uploads\/2025\/11\/quatricinia-renaissance-1-2-1536x1024.jpg 1536w, https:\/\/quatricinia.com\/wp-content\/uploads\/2025\/11\/quatricinia-renaissance-1-2-2048x1365.jpg 2048w, https:\/\/quatricinia.com\/wp-content\/uploads\/2025\/11\/quatricinia-renaissance-1-2-18x12.jpg 18w, https:\/\/quatricinia.com\/wp-content\/uploads\/2025\/11\/quatricinia-renaissance-1-2-700x467.jpg 700w, https:\/\/quatricinia.com\/wp-content\/uploads\/2025\/11\/quatricinia-renaissance-1-2-520x347.jpg 520w, https:\/\/quatricinia.com\/wp-content\/uploads\/2025\/11\/quatricinia-renaissance-1-2-360x240.jpg 360w, https:\/\/quatricinia.com\/wp-content\/uploads\/2025\/11\/quatricinia-renaissance-1-2-250x167.jpg 250w, https:\/\/quatricinia.com\/wp-content\/uploads\/2025\/11\/quatricinia-renaissance-1-2-100x67.jpg 100w\" sizes=\"(max-width: 800px) 100vw, 800px\" \/>\t\t\t\t\t\t\t\t<\/a>\n\t\t\t\t\t\t\t\t\t\t\t<figcaption class=\"widget-image-caption wp-caption-text\">Foto  Fr\u00e9d\u00e9rique Bouchard<\/figcaption>\n\t\t\t\t\t\t\t\t\t\t<\/figure>\n\t\t\t\t\t\t\t\t\t<\/div>\n\t\t\t\t<\/div>\n\t\t\t\t\t<\/div>\n\t\t<\/div>\n\t\t\t\t\t<\/div>\n\t\t<\/section>\n\t\t\t\t<section class=\"elementor-section elementor-top-section elementor-element elementor-element-07714b0 elementor-section-boxed elementor-section-height-default elementor-section-height-default\" data-id=\"07714b0\" data-element_type=\"section\" data-e-type=\"section\">\n\t\t\t\t\t\t<div class=\"elementor-container elementor-column-gap-default\">\n\t\t\t\t\t<div class=\"elementor-column elementor-col-100 elementor-top-column elementor-element elementor-element-ace33e9\" data-id=\"ace33e9\" data-element_type=\"column\" data-e-type=\"column\">\n\t\t\t<div class=\"elementor-widget-wrap elementor-element-populated\">\n\t\t\t\t\t\t<div class=\"elementor-element elementor-element-92bb68d elementor-widget__width-initial elementor-widget elementor-widget-text-editor\" data-id=\"92bb68d\" data-element_type=\"widget\" data-e-type=\"widget\" data-widget_type=\"text-editor.default\">\n\t\t\t\t<div class=\"elementor-widget-container\">\n\t\t\t\t\t\t\t\t\t<p class=\"MsoNormal translation-block\">L\u2019ensemble de musique ancienne Quatricinia a \u00e9t\u00e9 fond\u00e9 2012 par quatre musiciens habitant au Luxembourg. Son nom est inspir\u00e9 de l\u2019\u0153uvre de Gottfried Reiche, le trompettiste de Bach \u00e0 Lepizig, qui composa en 1696 son \u0153uvre Vingt-quatre nouvelles quatricinia pour quatre instruments.<\/p><p class=\"MsoNormal translation-block\">Quatricina joue sur des instruments d\u2019\u00e9poque et organise des concerts comme Du Si\u00e8cle d\u2019or au Pasodoble, ainsi que des productions sc\u00e9niques comme L\u2019Histoire des Cuivres et Le R\u00e9cit du Captif, en comm\u00e9moration du 400\u00e8me anniversaire du d\u00e9c\u00e8s de Miguel de Cervantes. Avec le programme Weckmann &amp; Van Wichel : musique des m\u00e9nestrels apr\u00e8s la Paix de Westphalie l\u2019ensemble s\u2019est produit dans le cadre du Kulturkrees Celobrium et des TAMIS (Tage Alter Musik im Saarland).<\/p>\t\t\t\t\t\t\t\t<\/div>\n\t\t\t\t<\/div>\n\t\t\t\t\t<\/div>\n\t\t<\/div>\n\t\t\t\t\t<\/div>\n\t\t<\/section>\n\t\t\t\t<section class=\"elementor-section elementor-top-section elementor-element elementor-element-616ac22 elementor-section-boxed elementor-section-height-default elementor-section-height-default\" data-id=\"616ac22\" data-element_type=\"section\" data-e-type=\"section\">\n\t\t\t\t\t\t<div class=\"elementor-container elementor-column-gap-default\">\n\t\t\t\t\t<div class=\"elementor-column elementor-col-100 elementor-top-column elementor-element elementor-element-ae24c7e\" data-id=\"ae24c7e\" data-element_type=\"column\" data-e-type=\"column\">\n\t\t\t<div class=\"elementor-widget-wrap\">\n\t\t\t\t\t\t\t<\/div>\n\t\t<\/div>\n\t\t\t\t\t<\/div>\n\t\t<\/section>\n\t\t\t\t<\/div>","protected":false},"excerpt":{"rendered":"<p>Foto Fr\u00e9d\u00e9rique Bouchard \u00abAuff das sogenannte Abblasen auff den Rathh\u00e4usern oder Th\u00fcrmen mit Flei\u00df gestellet\u00bb &#8211; Mit dieser Inschrift ver\u00f6ffentlichte Gottfried Reiche 1696 seine Vierundzwanzig Neue Quatricinia f\u00fcr vier Instrumente. Reiche war Senior Stadtmusicus in Leipzig und Johann Sebastian Bachs erster Trompetenspieler. Das Ensemble Quatricinia, welches sich grunds\u00e4tzlich der Stadtpfeifermusik widmet, wurde 2012 von vier [&hellip;]<\/p>\n","protected":false},"author":1,"featured_media":0,"parent":0,"menu_order":0,"comment_status":"closed","ping_status":"closed","template":"","meta":{"footnotes":""},"class_list":["post-80","page","type-page","status-publish","hentry"],"_links":{"self":[{"href":"https:\/\/quatricinia.com\/fr\/wp-json\/wp\/v2\/pages\/80","targetHints":{"allow":["GET"]}}],"collection":[{"href":"https:\/\/quatricinia.com\/fr\/wp-json\/wp\/v2\/pages"}],"about":[{"href":"https:\/\/quatricinia.com\/fr\/wp-json\/wp\/v2\/types\/page"}],"author":[{"embeddable":true,"href":"https:\/\/quatricinia.com\/fr\/wp-json\/wp\/v2\/users\/1"}],"replies":[{"embeddable":true,"href":"https:\/\/quatricinia.com\/fr\/wp-json\/wp\/v2\/comments?post=80"}],"version-history":[{"count":70,"href":"https:\/\/quatricinia.com\/fr\/wp-json\/wp\/v2\/pages\/80\/revisions"}],"predecessor-version":[{"id":1798,"href":"https:\/\/quatricinia.com\/fr\/wp-json\/wp\/v2\/pages\/80\/revisions\/1798"}],"wp:attachment":[{"href":"https:\/\/quatricinia.com\/fr\/wp-json\/wp\/v2\/media?parent=80"}],"curies":[{"name":"wp","href":"https:\/\/api.w.org\/{rel}","templated":true}]}}