{"id":545,"date":"2019-08-14T09:58:05","date_gmt":"2019-08-14T09:58:05","guid":{"rendered":"https:\/\/quatricinia.com\/?page_id=545"},"modified":"2026-02-18T22:22:54","modified_gmt":"2026-02-18T22:22:54","slug":"heather-madeira-ni","status":"publish","type":"page","link":"https:\/\/quatricinia.com\/fr\/vitae\/heather-madeira-ni","title":{"rendered":"Heather Madeira Ni"},"content":{"rendered":"<div data-elementor-type=\"wp-post\" data-elementor-id=\"545\" class=\"elementor elementor-545\">\n\t\t\t\t\t\t<section class=\"elementor-section elementor-top-section elementor-element elementor-element-5a59065 elementor-section-boxed elementor-section-height-default elementor-section-height-default\" data-id=\"5a59065\" data-element_type=\"section\" data-e-type=\"section\">\n\t\t\t\t\t\t<div class=\"elementor-container elementor-column-gap-default\">\n\t\t\t\t\t<div class=\"elementor-column elementor-col-50 elementor-top-column elementor-element elementor-element-c0247bc\" data-id=\"c0247bc\" data-element_type=\"column\" data-e-type=\"column\">\n\t\t\t<div class=\"elementor-widget-wrap elementor-element-populated\">\n\t\t\t\t\t\t<div class=\"elementor-element elementor-element-d9fd497 elementor-widget elementor-widget-text-editor\" data-id=\"d9fd497\" data-element_type=\"widget\" data-e-type=\"widget\" data-widget_type=\"text-editor.default\">\n\t\t\t\t<div class=\"elementor-widget-container\">\n\t\t\t\t\t\t\t\t\t<p align=\"justify\">Heather Madeira Ni a \u00e9t\u00e9 toujours tr\u00e8s active dans le domaine de la musique de chambre. Pendant ses \u00e9tudes \u00e0 l\u2019Universit\u00e9 de Boston, elle a jou\u00e9 avec l\u2018Empire Brass Quintet et l\u2019Atlantic Brass Quintet. Elle a travaill\u00e9 aussi avec des membres du Chestnut Brass Company (ensemble de cuivres sp\u00e9cialis\u00e9 dans la musique du 19\u00e8me et du d\u00e9but du 20\u00e8me si\u00e8cles), ainsi qu\u2019avec Piffaro (ensemble de musique Renaissance) \u00e0 Philadelphia pendant son master \u00e0 la Temple University.<\/p>\n<p align=\"justify\" class=\"translation-block\">Dans le domaine de la musique ancienne, Heather a aussi \u00e9tudi\u00e9 le cornet \u00e0 bouquin et la trompette baroque avec Bob Farley \u00e0 la Royal Academy of Music \u00e0 Londres et avec Gabriele Cassone en Italie. Elle joue r\u00e9guli\u00e8rement avec son ensemble de cuivres Ni Ensemble et avec diff\u00e9rents groupes de jazz, salsa et funk dans la Grande R\u00e9gion, ainsi qu\u2019avec divers orchestres, notamment l\u2019Orchestre Philharmonique du Luxembourg. Elle donne \u00e9galement des Master Classes \u00e0 travers l\u2019Europe.<\/p>\t\t\t\t\t\t\t\t<\/div>\n\t\t\t\t<\/div>\n\t\t\t\t\t<\/div>\n\t\t<\/div>\n\t\t\t\t<div class=\"elementor-column elementor-col-50 elementor-top-column elementor-element elementor-element-02e176e\" data-id=\"02e176e\" data-element_type=\"column\" data-e-type=\"column\">\n\t\t\t<div class=\"elementor-widget-wrap elementor-element-populated\">\n\t\t\t\t\t\t<div class=\"elementor-element elementor-element-0989147 elementor-widget elementor-widget-image\" data-id=\"0989147\" data-element_type=\"widget\" data-e-type=\"widget\" data-widget_type=\"image.default\">\n\t\t\t\t<div class=\"elementor-widget-container\">\n\t\t\t\t\t\t\t\t\t\t\t\t\t\t\t<img fetchpriority=\"high\" decoding=\"async\" width=\"800\" height=\"533\" src=\"https:\/\/quatricinia.com\/wp-content\/uploads\/2019\/08\/Heather-1.jpg\" class=\"attachment-large size-large wp-image-423\" alt=\"\" srcset=\"https:\/\/quatricinia.com\/wp-content\/uploads\/2019\/08\/Heather-1.jpg 960w, https:\/\/quatricinia.com\/wp-content\/uploads\/2019\/08\/Heather-1-300x200.jpg 300w, https:\/\/quatricinia.com\/wp-content\/uploads\/2019\/08\/Heather-1-768x512.jpg 768w, https:\/\/quatricinia.com\/wp-content\/uploads\/2019\/08\/Heather-1-700x467.jpg 700w, https:\/\/quatricinia.com\/wp-content\/uploads\/2019\/08\/Heather-1-520x347.jpg 520w, https:\/\/quatricinia.com\/wp-content\/uploads\/2019\/08\/Heather-1-360x240.jpg 360w, https:\/\/quatricinia.com\/wp-content\/uploads\/2019\/08\/Heather-1-250x167.jpg 250w, https:\/\/quatricinia.com\/wp-content\/uploads\/2019\/08\/Heather-1-100x67.jpg 100w\" sizes=\"(max-width: 800px) 100vw, 800px\" \/>\t\t\t\t\t\t\t\t\t\t\t\t\t\t\t<\/div>\n\t\t\t\t<\/div>\n\t\t\t\t\t<\/div>\n\t\t<\/div>\n\t\t\t\t\t<\/div>\n\t\t<\/section>\n\t\t\t\t<\/div>","protected":false},"excerpt":{"rendered":"<p>Heather Madeira Ni hat stets ihren Schwerpunkt auf Kammermusik gelegt. Unter ihren ersten Lehrern gelten das Empire Brass Quintet und das Atlantic Brass Quintet, mit denen sie noch als Studentin an der Boston University spielte. Heather arbeitete auch mit Mitgliedern der Chestnut Brass Company (Blechbl\u00e4serensemble f\u00fcr Musik aus dem 19. und Anfang des 20. Jahrhunderts), [&hellip;]<\/p>\n","protected":false},"author":1,"featured_media":1122,"parent":380,"menu_order":2,"comment_status":"closed","ping_status":"closed","template":"","meta":{"footnotes":""},"class_list":["post-545","page","type-page","status-publish","has-post-thumbnail","hentry"],"_links":{"self":[{"href":"https:\/\/quatricinia.com\/fr\/wp-json\/wp\/v2\/pages\/545","targetHints":{"allow":["GET"]}}],"collection":[{"href":"https:\/\/quatricinia.com\/fr\/wp-json\/wp\/v2\/pages"}],"about":[{"href":"https:\/\/quatricinia.com\/fr\/wp-json\/wp\/v2\/types\/page"}],"author":[{"embeddable":true,"href":"https:\/\/quatricinia.com\/fr\/wp-json\/wp\/v2\/users\/1"}],"replies":[{"embeddable":true,"href":"https:\/\/quatricinia.com\/fr\/wp-json\/wp\/v2\/comments?post=545"}],"version-history":[{"count":13,"href":"https:\/\/quatricinia.com\/fr\/wp-json\/wp\/v2\/pages\/545\/revisions"}],"predecessor-version":[{"id":1423,"href":"https:\/\/quatricinia.com\/fr\/wp-json\/wp\/v2\/pages\/545\/revisions\/1423"}],"up":[{"embeddable":true,"href":"https:\/\/quatricinia.com\/fr\/wp-json\/wp\/v2\/pages\/380"}],"wp:featuredmedia":[{"embeddable":true,"href":"https:\/\/quatricinia.com\/fr\/wp-json\/wp\/v2\/media\/1122"}],"wp:attachment":[{"href":"https:\/\/quatricinia.com\/fr\/wp-json\/wp\/v2\/media?parent=545"}],"curies":[{"name":"wp","href":"https:\/\/api.w.org\/{rel}","templated":true}]}}