{"id":393,"date":"2019-08-04T10:37:36","date_gmt":"2019-08-04T10:37:36","guid":{"rendered":"https:\/\/quatricinia.com\/?page_id=393"},"modified":"2026-02-18T22:22:15","modified_gmt":"2026-02-18T22:22:15","slug":"leon-ni","status":"publish","type":"page","link":"https:\/\/quatricinia.com\/fr\/vitae\/leon-ni","title":{"rendered":"Leon Ni"},"content":{"rendered":"<div data-elementor-type=\"wp-post\" data-elementor-id=\"393\" class=\"elementor elementor-393\">\n\t\t\t\t\t\t<section class=\"elementor-section elementor-top-section elementor-element elementor-element-4bcef0d elementor-section-boxed elementor-section-height-default elementor-section-height-default\" data-id=\"4bcef0d\" data-element_type=\"section\" data-e-type=\"section\">\n\t\t\t\t\t\t<div class=\"elementor-container elementor-column-gap-default\">\n\t\t\t\t\t<div class=\"elementor-column elementor-col-50 elementor-top-column elementor-element elementor-element-5572927\" data-id=\"5572927\" data-element_type=\"column\" data-e-type=\"column\">\n\t\t\t<div class=\"elementor-widget-wrap elementor-element-populated\">\n\t\t\t\t\t\t<div class=\"elementor-element elementor-element-20602c8 elementor-widget elementor-widget-text-editor\" data-id=\"20602c8\" data-element_type=\"widget\" data-e-type=\"widget\" data-widget_type=\"text-editor.default\">\n\t\t\t\t<div class=\"elementor-widget-container\">\n\t\t\t\t\t\t\t\t\t<p align=\"justify\">Tromboniste am\u00e9ricain, Leon Ni est soliste de l\u2019Orchestre Philharmonique du Luxembourg depuis 2004. Avant son arriv\u00e9e \u00e0 Luxembourg, il a pass\u00e9 trois ann\u00e9es en tant que trombone solo au sein de l\u2019Orchestra of Scottish Opera et une ann\u00e9e avec l\u2019Orquestra Nacional do Porto au Portugal.<\/p>\n<p align=\"justify\">Il a \u00e9tudi\u00e9 la musique \u00e0 l\u2018Universit\u00e9 de Boston aupr\u00e8s de Ronald Barron (ancien trombone solo du Boston Symphony Orchestra) ainsi qu\u2019\u00e0 la Temple University avec Nitzan Haroz (trombone solo du Los Angeles Philharmonic). Il a poursuivi ses \u00e9tudes \u00e0 la Royal Academy of Music de Londres avec Ian Bousfield (ancien trombone solo du Wiener Philharmoniker) et Dudley Bright (trombone solo du London Symphony Orchestra). Il s\u2019est aussi form\u00e9 \u00e0 la sacqueboute avec Sue Addison.<\/p>\n<p align=\"justify\">Leon ist leidenschaftlicher Kammermusiker und Gr\u00fcndungsmitglied des Blechbl\u00e4serquintetts Ni Ensemble. In der Alten Musik Szene hat er u.&nbsp;a. mit dem Ensemble Piffaro gespielt.<\/p>\t\t\t\t\t\t\t\t<\/div>\n\t\t\t\t<\/div>\n\t\t\t\t\t<\/div>\n\t\t<\/div>\n\t\t\t\t<div class=\"elementor-column elementor-col-50 elementor-top-column elementor-element elementor-element-f297a7e\" data-id=\"f297a7e\" data-element_type=\"column\" data-e-type=\"column\">\n\t\t\t<div class=\"elementor-widget-wrap elementor-element-populated\">\n\t\t\t\t\t\t<div class=\"elementor-element elementor-element-4b6a931 elementor-widget elementor-widget-image\" data-id=\"4b6a931\" data-element_type=\"widget\" data-e-type=\"widget\" data-widget_type=\"image.default\">\n\t\t\t\t<div class=\"elementor-widget-container\">\n\t\t\t\t\t\t\t\t\t\t\t\t\t\t\t<img fetchpriority=\"high\" decoding=\"async\" width=\"800\" height=\"533\" src=\"https:\/\/quatricinia.com\/wp-content\/uploads\/2019\/08\/Leon.jpg\" class=\"attachment-large size-large wp-image-406\" alt=\"\" srcset=\"https:\/\/quatricinia.com\/wp-content\/uploads\/2019\/08\/Leon.jpg 960w, https:\/\/quatricinia.com\/wp-content\/uploads\/2019\/08\/Leon-300x200.jpg 300w, https:\/\/quatricinia.com\/wp-content\/uploads\/2019\/08\/Leon-768x512.jpg 768w, https:\/\/quatricinia.com\/wp-content\/uploads\/2019\/08\/Leon-700x467.jpg 700w, https:\/\/quatricinia.com\/wp-content\/uploads\/2019\/08\/Leon-520x347.jpg 520w, https:\/\/quatricinia.com\/wp-content\/uploads\/2019\/08\/Leon-360x240.jpg 360w, https:\/\/quatricinia.com\/wp-content\/uploads\/2019\/08\/Leon-250x167.jpg 250w, https:\/\/quatricinia.com\/wp-content\/uploads\/2019\/08\/Leon-100x67.jpg 100w\" sizes=\"(max-width: 800px) 100vw, 800px\" \/>\t\t\t\t\t\t\t\t\t\t\t\t\t\t\t<\/div>\n\t\t\t\t<\/div>\n\t\t\t\t\t<\/div>\n\t\t<\/div>\n\t\t\t\t\t<\/div>\n\t\t<\/section>\n\t\t\t\t<\/div>","protected":false},"excerpt":{"rendered":"<p>Der amerikanische Posaunist Leon Ni ist seit 2004 Solo-Posaunist beim Orchestre Philharmonique du Luxembourg. Davor verbrachte er drei Jahre als Solo-Posaunist im Orchestra of Scottish Opera und ein Jahr im Orquestra Nacional do Porto in Portugal. Er studierte Musik an der Boston University bei Ronald Barron (ehemaliger Solo-Posaunist des Boston Symphony Orchestra) sowie an der [&hellip;]<\/p>\n","protected":false},"author":1,"featured_media":1144,"parent":380,"menu_order":3,"comment_status":"closed","ping_status":"closed","template":"","meta":{"footnotes":""},"class_list":["post-393","page","type-page","status-publish","has-post-thumbnail","hentry"],"_links":{"self":[{"href":"https:\/\/quatricinia.com\/fr\/wp-json\/wp\/v2\/pages\/393","targetHints":{"allow":["GET"]}}],"collection":[{"href":"https:\/\/quatricinia.com\/fr\/wp-json\/wp\/v2\/pages"}],"about":[{"href":"https:\/\/quatricinia.com\/fr\/wp-json\/wp\/v2\/types\/page"}],"author":[{"embeddable":true,"href":"https:\/\/quatricinia.com\/fr\/wp-json\/wp\/v2\/users\/1"}],"replies":[{"embeddable":true,"href":"https:\/\/quatricinia.com\/fr\/wp-json\/wp\/v2\/comments?post=393"}],"version-history":[{"count":12,"href":"https:\/\/quatricinia.com\/fr\/wp-json\/wp\/v2\/pages\/393\/revisions"}],"predecessor-version":[{"id":1420,"href":"https:\/\/quatricinia.com\/fr\/wp-json\/wp\/v2\/pages\/393\/revisions\/1420"}],"up":[{"embeddable":true,"href":"https:\/\/quatricinia.com\/fr\/wp-json\/wp\/v2\/pages\/380"}],"wp:featuredmedia":[{"embeddable":true,"href":"https:\/\/quatricinia.com\/fr\/wp-json\/wp\/v2\/media\/1144"}],"wp:attachment":[{"href":"https:\/\/quatricinia.com\/fr\/wp-json\/wp\/v2\/media?parent=393"}],"curies":[{"name":"wp","href":"https:\/\/api.w.org\/{rel}","templated":true}]}}