{"id":389,"date":"2019-08-04T10:36:35","date_gmt":"2019-08-04T10:36:35","guid":{"rendered":"https:\/\/quatricinia.com\/?page_id=389"},"modified":"2026-02-23T14:11:34","modified_gmt":"2026-02-23T14:11:34","slug":"idoia-bengoa","status":"publish","type":"page","link":"https:\/\/quatricinia.com\/fr\/vitae\/idoia-bengoa","title":{"rendered":"Idoia Bengoa"},"content":{"rendered":"<div data-elementor-type=\"wp-post\" data-elementor-id=\"389\" class=\"elementor elementor-389\">\n\t\t\t\t\t\t<section class=\"elementor-section elementor-top-section elementor-element elementor-element-2b2847d elementor-section-boxed elementor-section-height-default elementor-section-height-default\" data-id=\"2b2847d\" data-element_type=\"section\" data-e-type=\"section\">\n\t\t\t\t\t\t<div class=\"elementor-container elementor-column-gap-default\">\n\t\t\t\t\t<div class=\"elementor-column elementor-col-50 elementor-top-column elementor-element elementor-element-94b9ca5\" data-id=\"94b9ca5\" data-element_type=\"column\" data-e-type=\"column\">\n\t\t\t<div class=\"elementor-widget-wrap elementor-element-populated\">\n\t\t\t\t\t\t<div class=\"elementor-element elementor-element-925b85a elementor-widget__width-initial elementor-widget elementor-widget-text-editor\" data-id=\"925b85a\" data-element_type=\"widget\" data-e-type=\"widget\" data-widget_type=\"text-editor.default\">\n\t\t\t\t<div class=\"elementor-widget-container\">\n\t\t\t\t\t\t\t\t\t<p>N\u00e9e \u00e0 Bilbao, Idoia Bengoa s\u2019est form\u00e9e sur les bassons historiques chez Adrian Rov\u00e1tkay \u00e0 Berlin et chez David Sattler, basson soliste de l\u2019OPL, ayant suivie aussi des cours avec Javier Zafra, Rhoda Patrick et Jennifer Harris. Elle a obtenu son dipl\u00f4me de fl\u00fbte \u00e0 bec chez Thomas K\u00fcgler au Conservatoire de la ville de Luxembourg, apr\u00e8s des formations avec Agostino Cirillo et Anna Margules.<\/p><p>Entre autres formations, elle a jou\u00e9 avec la Lautten Compagney, La Dolcezza, La Banda, Ad Libitum, Wroc\u0142aw Baroque Orchestra, Trondheim Barokk, Balthasar-Neumann Ensemble, Concerto Brandenburg, G\u00f6ttinger Barockorchester, Ensemble Una Volta, SaarLorLux Ensemble, Glossarium, l\u2019Ensemble de la Chapelle Saint Marc et Le Tendre Amour. Elle est aussi membre fondateur des ensembles Quatricinia et Cultus Harmonicus.<\/p>\t\t\t\t\t\t\t\t<\/div>\n\t\t\t\t<\/div>\n\t\t\t\t\t<\/div>\n\t\t<\/div>\n\t\t\t\t<div class=\"elementor-column elementor-col-50 elementor-top-column elementor-element elementor-element-6348d7b\" data-id=\"6348d7b\" data-element_type=\"column\" data-e-type=\"column\">\n\t\t\t<div class=\"elementor-widget-wrap elementor-element-populated\">\n\t\t\t\t\t\t<div class=\"elementor-element elementor-element-221deba elementor-widget elementor-widget-image\" data-id=\"221deba\" data-element_type=\"widget\" data-e-type=\"widget\" data-widget_type=\"image.default\">\n\t\t\t\t<div class=\"elementor-widget-container\">\n\t\t\t\t\t\t\t\t\t\t\t\t\t\t\t<img fetchpriority=\"high\" decoding=\"async\" width=\"720\" height=\"480\" src=\"https:\/\/quatricinia.com\/wp-content\/uploads\/2019\/08\/Foto-Idoia-baj\u00f3n-1.jpg\" class=\"attachment-large size-large wp-image-413\" alt=\"Idoia Bengoa\" srcset=\"https:\/\/quatricinia.com\/wp-content\/uploads\/2019\/08\/Foto-Idoia-baj\u00f3n-1.jpg 720w, https:\/\/quatricinia.com\/wp-content\/uploads\/2019\/08\/Foto-Idoia-baj\u00f3n-1-300x200.jpg 300w, https:\/\/quatricinia.com\/wp-content\/uploads\/2019\/08\/Foto-Idoia-baj\u00f3n-1-700x467.jpg 700w, https:\/\/quatricinia.com\/wp-content\/uploads\/2019\/08\/Foto-Idoia-baj\u00f3n-1-520x347.jpg 520w, https:\/\/quatricinia.com\/wp-content\/uploads\/2019\/08\/Foto-Idoia-baj\u00f3n-1-360x240.jpg 360w, https:\/\/quatricinia.com\/wp-content\/uploads\/2019\/08\/Foto-Idoia-baj\u00f3n-1-250x167.jpg 250w, https:\/\/quatricinia.com\/wp-content\/uploads\/2019\/08\/Foto-Idoia-baj\u00f3n-1-100x67.jpg 100w\" sizes=\"(max-width: 720px) 100vw, 720px\" \/>\t\t\t\t\t\t\t\t\t\t\t\t\t\t\t<\/div>\n\t\t\t\t<\/div>\n\t\t\t\t\t<\/div>\n\t\t<\/div>\n\t\t\t\t\t<\/div>\n\t\t<\/section>\n\t\t\t\t<section class=\"elementor-section elementor-top-section elementor-element elementor-element-965956a elementor-section-boxed elementor-section-height-default elementor-section-height-default\" data-id=\"965956a\" data-element_type=\"section\" data-e-type=\"section\">\n\t\t\t\t\t\t<div class=\"elementor-container elementor-column-gap-default\">\n\t\t\t\t\t<div class=\"elementor-column elementor-col-100 elementor-top-column elementor-element elementor-element-13ba908\" data-id=\"13ba908\" data-element_type=\"column\" data-e-type=\"column\">\n\t\t\t<div class=\"elementor-widget-wrap elementor-element-populated\">\n\t\t\t\t\t\t<div class=\"elementor-element elementor-element-83c9fde elementor-widget elementor-widget-text-editor\" data-id=\"83c9fde\" data-element_type=\"widget\" data-e-type=\"widget\" data-widget_type=\"text-editor.default\">\n\t\t\t\t<div class=\"elementor-widget-container\">\n\t\t\t\t\t\t\t\t\t<p class=\"translation-block\">Int\u00e9ress\u00e9e par la combinaison de litt\u00e9rature et musique, Idoia a con\u00e7u et perform\u00e9 avec l\u2019ensemble Quatricinia le projet musical pour des enfants Die Blechgeschichte, sur l\u2019histoire du vent m\u00e9tal, repr\u00e9sent\u00e9 au Festival Trombucco \u00e0 Dudelange (Luxembourg), ainsi que La Historia del Cautivo, fond\u00e9e sur L\u2019Ing\u00e9nieux Hidalgo Don Quichotte de la Manche de Miguel de Cervantes, avec la participation d\u2019acteurs de la compagnie Theatrum et sous la direction de May S\u00e1nchez, qui a \u00e9t\u00e9 repr\u00e9sent\u00e9 au centre culturel Neim\u00ebnster en Luxembourg ville et qui fut s\u00e9lectionn\u00e9 pour le programme officiel du 400 anniversaire du d\u00e9c\u00e8s de Miguel de Cervantes.<\/p>\t\t\t\t\t\t\t\t<\/div>\n\t\t\t\t<\/div>\n\t\t\t\t\t<\/div>\n\t\t<\/div>\n\t\t\t\t\t<\/div>\n\t\t<\/section>\n\t\t\t\t<section class=\"elementor-section elementor-top-section elementor-element elementor-element-c6100fe elementor-section-boxed elementor-section-height-default elementor-section-height-default\" data-id=\"c6100fe\" data-element_type=\"section\" data-e-type=\"section\">\n\t\t\t\t\t\t<div class=\"elementor-container elementor-column-gap-default\">\n\t\t\t\t\t<div class=\"elementor-column elementor-col-100 elementor-top-column elementor-element elementor-element-ba5b1a6\" data-id=\"ba5b1a6\" data-element_type=\"column\" data-e-type=\"column\">\n\t\t\t<div class=\"elementor-widget-wrap elementor-element-populated\">\n\t\t\t\t\t\t<div class=\"elementor-element elementor-element-5f4d27b elementor-widget__width-initial elementor-widget elementor-widget-text-editor\" data-id=\"5f4d27b\" data-element_type=\"widget\" data-e-type=\"widget\" data-widget_type=\"text-editor.default\">\n\t\t\t\t<div class=\"elementor-widget-container\">\n\t\t\t\t\t\t\t\t\t<p>Elle a \u00e9galement produit avec Josy Peschon pour fce-lu.com diverses pi\u00e8ces radiophoniques:<\/p>\t\t\t\t\t\t\t\t<\/div>\n\t\t\t\t<\/div>\n\t\t\t\t\t<\/div>\n\t\t<\/div>\n\t\t\t\t\t<\/div>\n\t\t<\/section>\n\t\t\t\t<section class=\"elementor-section elementor-top-section elementor-element elementor-element-8cc73c3 elementor-section-boxed elementor-section-height-default elementor-section-height-default\" data-id=\"8cc73c3\" data-element_type=\"section\" data-e-type=\"section\">\n\t\t\t\t\t\t<div class=\"elementor-container elementor-column-gap-default\">\n\t\t\t\t\t<div class=\"elementor-column elementor-col-50 elementor-top-column elementor-element elementor-element-176ce65\" data-id=\"176ce65\" data-element_type=\"column\" data-e-type=\"column\">\n\t\t\t<div class=\"elementor-widget-wrap elementor-element-populated\">\n\t\t\t\t\t\t<div class=\"elementor-element elementor-element-0832dc9 elementor-widget__width-initial elementor-widget elementor-widget-text-editor\" data-id=\"0832dc9\" data-element_type=\"widget\" data-e-type=\"widget\" data-widget_type=\"text-editor.default\">\n\t\t\t\t<div class=\"elementor-widget-container\">\n\t\t\t\t\t\t\t\t\t<p><em>Traum#Sommer#Nacht<\/em><\/p>\t\t\t\t\t\t\t\t<\/div>\n\t\t\t\t<\/div>\n\t\t\t\t<div class=\"elementor-element elementor-element-6b0e3dd elementor-widget__width-initial elementor-widget elementor-widget-text-editor\" data-id=\"6b0e3dd\" data-element_type=\"widget\" data-e-type=\"widget\" data-widget_type=\"text-editor.default\">\n\t\t\t\t<div class=\"elementor-widget-container\">\n\t\t\t\t\t\t\t\t\t<p>Version de Le Songe d\u2019une nuit d\u2019\u00e9t\u00e9 de William Shakespeare pour des enfants, avec des pi\u00e8ces choisies de The Fairy Queen de Henry Purcell.<\/p>\t\t\t\t\t\t\t\t<\/div>\n\t\t\t\t<\/div>\n\t\t\t\t<div class=\"elementor-element elementor-element-e701f7e elementor-widget__width-initial elementor-widget elementor-widget-image\" data-id=\"e701f7e\" data-element_type=\"widget\" data-e-type=\"widget\" data-widget_type=\"image.default\">\n\t\t\t\t<div class=\"elementor-widget-container\">\n\t\t\t\t\t\t\t\t\t\t\t\t<figure class=\"wp-caption\">\n\t\t\t\t\t\t\t\t\t\t\t<a href=\"https:\/\/fce-lu.com\/traum-sommer-nacht\">\n\t\t\t\t\t\t\t<img decoding=\"async\" width=\"800\" height=\"800\" src=\"https:\/\/quatricinia.com\/wp-content\/uploads\/2026\/02\/TRAUMSOMMERNACHT-R-1024x1024.jpg\" class=\"attachment-large size-large wp-image-1500\" alt=\"\" srcset=\"https:\/\/quatricinia.com\/wp-content\/uploads\/2026\/02\/TRAUMSOMMERNACHT-R-1024x1024.jpg 1024w, https:\/\/quatricinia.com\/wp-content\/uploads\/2026\/02\/TRAUMSOMMERNACHT-R-300x300.jpg 300w, https:\/\/quatricinia.com\/wp-content\/uploads\/2026\/02\/TRAUMSOMMERNACHT-R-150x150.jpg 150w, https:\/\/quatricinia.com\/wp-content\/uploads\/2026\/02\/TRAUMSOMMERNACHT-R-768x768.jpg 768w, https:\/\/quatricinia.com\/wp-content\/uploads\/2026\/02\/TRAUMSOMMERNACHT-R-1536x1536.jpg 1536w, https:\/\/quatricinia.com\/wp-content\/uploads\/2026\/02\/TRAUMSOMMERNACHT-R-2048x2048.jpg 2048w, https:\/\/quatricinia.com\/wp-content\/uploads\/2026\/02\/TRAUMSOMMERNACHT-R-12x12.jpg 12w\" sizes=\"(max-width: 800px) 100vw, 800px\" \/>\t\t\t\t\t\t\t\t<\/a>\n\t\t\t\t\t\t\t\t\t\t\t<figcaption class=\"widget-image-caption wp-caption-text\">Foto Josy Peschon<\/figcaption>\n\t\t\t\t\t\t\t\t\t\t<\/figure>\n\t\t\t\t\t\t\t\t\t<\/div>\n\t\t\t\t<\/div>\n\t\t\t\t\t<\/div>\n\t\t<\/div>\n\t\t\t\t<div class=\"elementor-column elementor-col-50 elementor-top-column elementor-element elementor-element-7ad112f\" data-id=\"7ad112f\" data-element_type=\"column\" data-e-type=\"column\">\n\t\t\t<div class=\"elementor-widget-wrap elementor-element-populated\">\n\t\t\t\t\t\t<div class=\"elementor-element elementor-element-a26f97b elementor-widget__width-initial elementor-widget elementor-widget-image\" data-id=\"a26f97b\" data-element_type=\"widget\" data-e-type=\"widget\" data-widget_type=\"image.default\">\n\t\t\t\t<div class=\"elementor-widget-container\">\n\t\t\t\t\t\t\t\t\t\t\t\t<figure class=\"wp-caption\">\n\t\t\t\t\t\t\t\t\t\t\t<a href=\"https:\/\/fce-lu.com\/traum-sommer-nacht\">\n\t\t\t\t\t\t\t<img decoding=\"async\" width=\"800\" height=\"393\" src=\"https:\/\/quatricinia.com\/wp-content\/uploads\/2026\/02\/20260127_LOR_rmva_schoul_016-1024x503.jpg\" class=\"attachment-large size-large wp-image-1502\" alt=\"\" srcset=\"https:\/\/quatricinia.com\/wp-content\/uploads\/2026\/02\/20260127_LOR_rmva_schoul_016-1024x503.jpg 1024w, https:\/\/quatricinia.com\/wp-content\/uploads\/2026\/02\/20260127_LOR_rmva_schoul_016-300x147.jpg 300w, https:\/\/quatricinia.com\/wp-content\/uploads\/2026\/02\/20260127_LOR_rmva_schoul_016-768x377.jpg 768w, https:\/\/quatricinia.com\/wp-content\/uploads\/2026\/02\/20260127_LOR_rmva_schoul_016-1536x754.jpg 1536w, https:\/\/quatricinia.com\/wp-content\/uploads\/2026\/02\/20260127_LOR_rmva_schoul_016-2048x1006.jpg 2048w, https:\/\/quatricinia.com\/wp-content\/uploads\/2026\/02\/20260127_LOR_rmva_schoul_016-18x9.jpg 18w\" sizes=\"(max-width: 800px) 100vw, 800px\" \/>\t\t\t\t\t\t\t\t<\/a>\n\t\t\t\t\t\t\t\t\t\t\t<figcaption class=\"widget-image-caption wp-caption-text\">Foto Levygraphie<\/figcaption>\n\t\t\t\t\t\t\t\t\t\t<\/figure>\n\t\t\t\t\t\t\t\t\t<\/div>\n\t\t\t\t<\/div>\n\t\t\t\t<div class=\"elementor-element elementor-element-cbd942d elementor-widget elementor-widget-text-editor\" data-id=\"cbd942d\" data-element_type=\"widget\" data-e-type=\"widget\" data-widget_type=\"text-editor.default\">\n\t\t\t\t<div class=\"elementor-widget-container\">\n\t\t\t\t\t\t\t\t\t<p>Le consort de fl\u00fbtes \u00e0 bec Titania propose le Traum#Sommer#Nacht aussi comme projet sc\u00e9nique, represent\u00e9 au festival de musique ancienne Rencontres Musicales de la Vall\u00e9e de l'Alzette.<\/p>\t\t\t\t\t\t\t\t<\/div>\n\t\t\t\t<\/div>\n\t\t\t\t\t<\/div>\n\t\t<\/div>\n\t\t\t\t\t<\/div>\n\t\t<\/section>\n\t\t\t\t<section class=\"elementor-section elementor-top-section elementor-element elementor-element-2708ed3 elementor-section-boxed elementor-section-height-default elementor-section-height-default\" data-id=\"2708ed3\" data-element_type=\"section\" data-e-type=\"section\">\n\t\t\t\t\t\t<div class=\"elementor-container elementor-column-gap-default\">\n\t\t\t\t\t<div class=\"elementor-column elementor-col-100 elementor-top-column elementor-element elementor-element-26fe70d\" data-id=\"26fe70d\" data-element_type=\"column\" data-e-type=\"column\">\n\t\t\t<div class=\"elementor-widget-wrap elementor-element-populated\">\n\t\t\t\t\t\t<div class=\"elementor-element elementor-element-4d5e850 elementor-widget elementor-widget-spacer\" data-id=\"4d5e850\" data-element_type=\"widget\" data-e-type=\"widget\" data-widget_type=\"spacer.default\">\n\t\t\t\t<div class=\"elementor-widget-container\">\n\t\t\t\t\t\t\t<div class=\"elementor-spacer\">\n\t\t\t<div class=\"elementor-spacer-inner\"><\/div>\n\t\t<\/div>\n\t\t\t\t\t\t<\/div>\n\t\t\t\t<\/div>\n\t\t\t\t\t<\/div>\n\t\t<\/div>\n\t\t\t\t\t<\/div>\n\t\t<\/section>\n\t\t\t\t<section class=\"elementor-section elementor-top-section elementor-element elementor-element-0353f4d elementor-section-boxed elementor-section-height-default elementor-section-height-default\" data-id=\"0353f4d\" data-element_type=\"section\" data-e-type=\"section\">\n\t\t\t\t\t\t<div class=\"elementor-container elementor-column-gap-default\">\n\t\t\t\t\t<div class=\"elementor-column elementor-col-50 elementor-top-column elementor-element elementor-element-61026ed\" data-id=\"61026ed\" data-element_type=\"column\" data-e-type=\"column\">\n\t\t\t<div class=\"elementor-widget-wrap elementor-element-populated\">\n\t\t\t\t\t\t<div class=\"elementor-element elementor-element-58b53c2 elementor-widget elementor-widget-text-editor\" data-id=\"58b53c2\" data-element_type=\"widget\" data-e-type=\"widget\" data-widget_type=\"text-editor.default\">\n\t\t\t\t<div class=\"elementor-widget-container\">\n\t\t\t\t\t\t\t\t\t<p><em>Aus dem Leben einer Abenteurerin<\/em><\/p>\t\t\t\t\t\t\t\t<\/div>\n\t\t\t\t<\/div>\n\t\t\t\t<div class=\"elementor-element elementor-element-a58ab75 elementor-widget__width-initial elementor-widget elementor-widget-text-editor\" data-id=\"a58ab75\" data-element_type=\"widget\" data-e-type=\"widget\" data-widget_type=\"text-editor.default\">\n\t\t\t\t<div class=\"elementor-widget-container\">\n\t\t\t\t\t\t\t\t\t<p>Bas\u00e9e sur l\u2019autobiographie de Catalina de Erauso, qui en 1600, \u00e0 l\u2019\u00e2ge de 15 ans, s\u2019enfuit d\u2019un couvent \u00e0 San S\u00e9bastien et, d\u00e9guis\u00e9e en homme, participa \u00e0 la conqu\u00eate du Chili, histoire qui est accompagn\u00e9e surtout de la musique de compositeurs basques de l\u2019\u00e9poque<\/p>\t\t\t\t\t\t\t\t<\/div>\n\t\t\t\t<\/div>\n\t\t\t\t\t<\/div>\n\t\t<\/div>\n\t\t\t\t<div class=\"elementor-column elementor-col-50 elementor-top-column elementor-element elementor-element-8eab85d\" data-id=\"8eab85d\" data-element_type=\"column\" data-e-type=\"column\">\n\t\t\t<div class=\"elementor-widget-wrap elementor-element-populated\">\n\t\t\t\t\t\t<div class=\"elementor-element elementor-element-1ebf7ca elementor-widget__width-initial elementor-widget elementor-widget-image\" data-id=\"1ebf7ca\" data-element_type=\"widget\" data-e-type=\"widget\" data-widget_type=\"image.default\">\n\t\t\t\t<div class=\"elementor-widget-container\">\n\t\t\t\t\t\t\t\t\t\t\t\t<figure class=\"wp-caption\">\n\t\t\t\t\t\t\t\t\t\t\t<a href=\"https:\/\/fce-lu.com\/hoerspiel\">\n\t\t\t\t\t\t\t<img loading=\"lazy\" decoding=\"async\" width=\"800\" height=\"405\" src=\"https:\/\/quatricinia.com\/wp-content\/uploads\/2026\/02\/2022-Aus-dem-Leben-einer-Abenteurerin_CD-COVER_Var2-1-1024x518.jpg\" class=\"attachment-large size-large wp-image-1512\" alt=\"\" srcset=\"https:\/\/quatricinia.com\/wp-content\/uploads\/2026\/02\/2022-Aus-dem-Leben-einer-Abenteurerin_CD-COVER_Var2-1-1024x518.jpg 1024w, https:\/\/quatricinia.com\/wp-content\/uploads\/2026\/02\/2022-Aus-dem-Leben-einer-Abenteurerin_CD-COVER_Var2-1-300x152.jpg 300w, https:\/\/quatricinia.com\/wp-content\/uploads\/2026\/02\/2022-Aus-dem-Leben-einer-Abenteurerin_CD-COVER_Var2-1-768x388.jpg 768w, https:\/\/quatricinia.com\/wp-content\/uploads\/2026\/02\/2022-Aus-dem-Leben-einer-Abenteurerin_CD-COVER_Var2-1-1536x777.jpg 1536w, https:\/\/quatricinia.com\/wp-content\/uploads\/2026\/02\/2022-Aus-dem-Leben-einer-Abenteurerin_CD-COVER_Var2-1-2048x1036.jpg 2048w, https:\/\/quatricinia.com\/wp-content\/uploads\/2026\/02\/2022-Aus-dem-Leben-einer-Abenteurerin_CD-COVER_Var2-1-18x9.jpg 18w\" sizes=\"(max-width: 800px) 100vw, 800px\" \/>\t\t\t\t\t\t\t\t<\/a>\n\t\t\t\t\t\t\t\t\t\t\t<figcaption class=\"widget-image-caption wp-caption-text\">Foto Juan Ullibarri, Montage Josy Peschon<\/figcaption>\n\t\t\t\t\t\t\t\t\t\t<\/figure>\n\t\t\t\t\t\t\t\t\t<\/div>\n\t\t\t\t<\/div>\n\t\t\t\t\t<\/div>\n\t\t<\/div>\n\t\t\t\t\t<\/div>\n\t\t<\/section>\n\t\t\t\t<section class=\"elementor-section elementor-top-section elementor-element elementor-element-120a769 elementor-section-boxed elementor-section-height-default elementor-section-height-default\" data-id=\"120a769\" data-element_type=\"section\" data-e-type=\"section\">\n\t\t\t\t\t\t<div class=\"elementor-container elementor-column-gap-default\">\n\t\t\t\t\t<div class=\"elementor-column elementor-col-100 elementor-top-column elementor-element elementor-element-863ec4e\" data-id=\"863ec4e\" data-element_type=\"column\" data-e-type=\"column\">\n\t\t\t<div class=\"elementor-widget-wrap elementor-element-populated\">\n\t\t\t\t\t\t<div class=\"elementor-element elementor-element-67fb07e elementor-widget elementor-widget-spacer\" data-id=\"67fb07e\" data-element_type=\"widget\" data-e-type=\"widget\" data-widget_type=\"spacer.default\">\n\t\t\t\t<div class=\"elementor-widget-container\">\n\t\t\t\t\t\t\t<div class=\"elementor-spacer\">\n\t\t\t<div class=\"elementor-spacer-inner\"><\/div>\n\t\t<\/div>\n\t\t\t\t\t\t<\/div>\n\t\t\t\t<\/div>\n\t\t\t\t\t<\/div>\n\t\t<\/div>\n\t\t\t\t\t<\/div>\n\t\t<\/section>\n\t\t\t\t<section class=\"elementor-section elementor-top-section elementor-element elementor-element-88645e6 elementor-section-boxed elementor-section-height-default elementor-section-height-default\" data-id=\"88645e6\" data-element_type=\"section\" data-e-type=\"section\">\n\t\t\t\t\t\t<div class=\"elementor-container elementor-column-gap-default\">\n\t\t\t\t\t<div class=\"elementor-column elementor-col-50 elementor-top-column elementor-element elementor-element-e5cba8f\" data-id=\"e5cba8f\" data-element_type=\"column\" data-e-type=\"column\">\n\t\t\t<div class=\"elementor-widget-wrap elementor-element-populated\">\n\t\t\t\t\t\t<div class=\"elementor-element elementor-element-bfa34be elementor-widget elementor-widget-text-editor\" data-id=\"bfa34be\" data-element_type=\"widget\" data-e-type=\"widget\" data-widget_type=\"text-editor.default\">\n\t\t\t\t<div class=\"elementor-widget-container\">\n\t\t\t\t\t\t\t\t\t<p><em>Simplicissimusikalien <\/em><\/p>\t\t\t\t\t\t\t\t<\/div>\n\t\t\t\t<\/div>\n\t\t\t\t<div class=\"elementor-element elementor-element-ae21bad elementor-widget elementor-widget-text-editor\" data-id=\"ae21bad\" data-element_type=\"widget\" data-e-type=\"widget\" data-widget_type=\"text-editor.default\">\n\t\t\t\t<div class=\"elementor-widget-container\">\n\t\t\t\t\t\t\t\t\t<p>R\u00e9cit des vies des compositeurs Matthias Weckmann, Philippe van Wichel et Johann Jakob Froberger, pr\u00e9sentant des \u0153uvres de ces compositeurs jou\u00e9s par Quatricinia dans le cadre du projet \"Weckmann &amp; van Wichel: : Sonates des m\u00e9nestrels apr\u00e8s la Paix de Westphalie \", ainsi que des extraits du roman Der abenteuerliche Simplicissimus de Hans Jakob Christoffel von Grimmelshausen. <em>Der Abenteuerliche Simplicissimus <\/em>von Hans Jacob Christoffel von Grimmelshausen. Mit Musik aus Quatricinias Projekt <em>Weckmann &amp; van Wichel: Stadtpfeifersonaten nach dem Westf\u00e4lischen Frieden.<\/em><\/p>\t\t\t\t\t\t\t\t<\/div>\n\t\t\t\t<\/div>\n\t\t\t\t\t<\/div>\n\t\t<\/div>\n\t\t\t\t<div class=\"elementor-column elementor-col-50 elementor-top-column elementor-element elementor-element-f01bb1f\" data-id=\"f01bb1f\" data-element_type=\"column\" data-e-type=\"column\">\n\t\t\t<div class=\"elementor-widget-wrap elementor-element-populated\">\n\t\t\t\t\t\t<div class=\"elementor-element elementor-element-a5bfa57 elementor-widget elementor-widget-image\" data-id=\"a5bfa57\" data-element_type=\"widget\" data-e-type=\"widget\" data-widget_type=\"image.default\">\n\t\t\t\t<div class=\"elementor-widget-container\">\n\t\t\t\t\t\t\t\t\t\t\t\t\t\t\t\t<a href=\"https:\/\/fce-lu.com\/track\/1848787\/simplicissimusikalien\">\n\t\t\t\t\t\t\t<img loading=\"lazy\" decoding=\"async\" width=\"800\" height=\"524\" src=\"https:\/\/quatricinia.com\/wp-content\/uploads\/2026\/02\/Bild-CD-1024x671.jpg\" class=\"attachment-large size-large wp-image-1358\" alt=\"\" srcset=\"https:\/\/quatricinia.com\/wp-content\/uploads\/2026\/02\/Bild-CD-1024x671.jpg 1024w, https:\/\/quatricinia.com\/wp-content\/uploads\/2026\/02\/Bild-CD-300x197.jpg 300w, https:\/\/quatricinia.com\/wp-content\/uploads\/2026\/02\/Bild-CD-768x503.jpg 768w, https:\/\/quatricinia.com\/wp-content\/uploads\/2026\/02\/Bild-CD-18x12.jpg 18w, https:\/\/quatricinia.com\/wp-content\/uploads\/2026\/02\/Bild-CD.jpg 1221w\" sizes=\"(max-width: 800px) 100vw, 800px\" \/>\t\t\t\t\t\t\t\t<\/a>\n\t\t\t\t\t\t\t\t\t\t\t\t\t\t\t<\/div>\n\t\t\t\t<\/div>\n\t\t\t\t\t<\/div>\n\t\t<\/div>\n\t\t\t\t\t<\/div>\n\t\t<\/section>\n\t\t\t\t<section class=\"elementor-section elementor-top-section elementor-element elementor-element-0b1b4b6 elementor-section-boxed elementor-section-height-default elementor-section-height-default\" data-id=\"0b1b4b6\" data-element_type=\"section\" data-e-type=\"section\">\n\t\t\t\t\t\t<div class=\"elementor-container elementor-column-gap-default\">\n\t\t\t\t\t<div class=\"elementor-column elementor-col-100 elementor-top-column elementor-element elementor-element-4541cc7\" data-id=\"4541cc7\" data-element_type=\"column\" data-e-type=\"column\">\n\t\t\t<div class=\"elementor-widget-wrap elementor-element-populated\">\n\t\t\t\t\t\t<div class=\"elementor-element elementor-element-3deaada elementor-widget elementor-widget-spacer\" data-id=\"3deaada\" data-element_type=\"widget\" data-e-type=\"widget\" data-widget_type=\"spacer.default\">\n\t\t\t\t<div class=\"elementor-widget-container\">\n\t\t\t\t\t\t\t<div class=\"elementor-spacer\">\n\t\t\t<div class=\"elementor-spacer-inner\"><\/div>\n\t\t<\/div>\n\t\t\t\t\t\t<\/div>\n\t\t\t\t<\/div>\n\t\t\t\t\t<\/div>\n\t\t<\/div>\n\t\t\t\t\t<\/div>\n\t\t<\/section>\n\t\t\t\t<section class=\"elementor-section elementor-top-section elementor-element elementor-element-75610ff elementor-section-boxed elementor-section-height-default elementor-section-height-default\" data-id=\"75610ff\" data-element_type=\"section\" data-e-type=\"section\">\n\t\t\t\t\t\t<div class=\"elementor-container elementor-column-gap-default\">\n\t\t\t\t\t<div class=\"elementor-column elementor-col-100 elementor-top-column elementor-element elementor-element-87e098a\" data-id=\"87e098a\" data-element_type=\"column\" data-e-type=\"column\">\n\t\t\t<div class=\"elementor-widget-wrap elementor-element-populated\">\n\t\t\t\t\t\t<div class=\"elementor-element elementor-element-fb83bbe elementor-widget elementor-widget-image\" data-id=\"fb83bbe\" data-element_type=\"widget\" data-e-type=\"widget\" data-widget_type=\"image.default\">\n\t\t\t\t<div class=\"elementor-widget-container\">\n\t\t\t\t\t\t\t\t\t\t\t\t\t\t\t\t<a href=\"https:\/\/fce-lu.com\/\">\n\t\t\t\t\t\t\t<img loading=\"lazy\" decoding=\"async\" width=\"352\" height=\"340\" src=\"https:\/\/quatricinia.com\/wp-content\/uploads\/2026\/02\/fce-continuo.jpg\" class=\"attachment-large size-large wp-image-1552\" alt=\"\" srcset=\"https:\/\/quatricinia.com\/wp-content\/uploads\/2026\/02\/fce-continuo.jpg 352w, https:\/\/quatricinia.com\/wp-content\/uploads\/2026\/02\/fce-continuo-300x290.jpg 300w, https:\/\/quatricinia.com\/wp-content\/uploads\/2026\/02\/fce-continuo-12x12.jpg 12w\" sizes=\"(max-width: 352px) 100vw, 352px\" \/>\t\t\t\t\t\t\t\t<\/a>\n\t\t\t\t\t\t\t\t\t\t\t\t\t\t\t<\/div>\n\t\t\t\t<\/div>\n\t\t\t\t\t<\/div>\n\t\t<\/div>\n\t\t\t\t\t<\/div>\n\t\t<\/section>\n\t\t\t\t<section class=\"elementor-section elementor-top-section elementor-element elementor-element-3e10022 elementor-section-boxed elementor-section-height-default elementor-section-height-default\" data-id=\"3e10022\" data-element_type=\"section\" data-e-type=\"section\">\n\t\t\t\t\t\t<div class=\"elementor-container elementor-column-gap-default\">\n\t\t\t\t\t<div class=\"elementor-column elementor-col-100 elementor-top-column elementor-element elementor-element-da21b1e\" data-id=\"da21b1e\" data-element_type=\"column\" data-e-type=\"column\">\n\t\t\t<div class=\"elementor-widget-wrap\">\n\t\t\t\t\t\t\t<\/div>\n\t\t<\/div>\n\t\t\t\t\t<\/div>\n\t\t<\/section>\n\t\t\t\t<\/div>","protected":false},"excerpt":{"rendered":"<p>Die in Bilbao geborene Idoia Bengoa lernte historische Fagotte und Dulzian bei Adrian Rovatkay und bildete sich weiter bei David Sattler, Fagott-Solist beim OPL. Sie nahm ebenfalls an Kursen bei Javier Zafra, Rhoda Patrick und Jennifer Harris teil. Ihr Blockfl\u00f6tendiplom erhielt sie bei Thomas K\u00fcgler am Conservatoire de la ville de Luxembourg, nachdem sie Unterricht [&hellip;]<\/p>\n","protected":false},"author":1,"featured_media":1123,"parent":380,"menu_order":4,"comment_status":"closed","ping_status":"closed","template":"elementor_theme","meta":{"footnotes":""},"class_list":["post-389","page","type-page","status-publish","has-post-thumbnail","hentry"],"_links":{"self":[{"href":"https:\/\/quatricinia.com\/fr\/wp-json\/wp\/v2\/pages\/389","targetHints":{"allow":["GET"]}}],"collection":[{"href":"https:\/\/quatricinia.com\/fr\/wp-json\/wp\/v2\/pages"}],"about":[{"href":"https:\/\/quatricinia.com\/fr\/wp-json\/wp\/v2\/types\/page"}],"author":[{"embeddable":true,"href":"https:\/\/quatricinia.com\/fr\/wp-json\/wp\/v2\/users\/1"}],"replies":[{"embeddable":true,"href":"https:\/\/quatricinia.com\/fr\/wp-json\/wp\/v2\/comments?post=389"}],"version-history":[{"count":87,"href":"https:\/\/quatricinia.com\/fr\/wp-json\/wp\/v2\/pages\/389\/revisions"}],"predecessor-version":[{"id":1598,"href":"https:\/\/quatricinia.com\/fr\/wp-json\/wp\/v2\/pages\/389\/revisions\/1598"}],"up":[{"embeddable":true,"href":"https:\/\/quatricinia.com\/fr\/wp-json\/wp\/v2\/pages\/380"}],"wp:featuredmedia":[{"embeddable":true,"href":"https:\/\/quatricinia.com\/fr\/wp-json\/wp\/v2\/media\/1123"}],"wp:attachment":[{"href":"https:\/\/quatricinia.com\/fr\/wp-json\/wp\/v2\/media?parent=389"}],"curies":[{"name":"wp","href":"https:\/\/api.w.org\/{rel}","templated":true}]}}