{"id":380,"date":"2019-08-04T10:29:19","date_gmt":"2019-08-04T10:29:19","guid":{"rendered":"https:\/\/quatricinia.com\/?page_id=380"},"modified":"2026-03-20T09:27:27","modified_gmt":"2026-03-20T09:27:27","slug":"vitae","status":"publish","type":"page","link":"https:\/\/quatricinia.com\/fr\/vitae","title":{"rendered":"Biographies"},"content":{"rendered":"<div data-elementor-type=\"wp-post\" data-elementor-id=\"380\" class=\"elementor elementor-380\">\n\t\t\t\t\t\t<section class=\"elementor-section elementor-top-section elementor-element elementor-element-96ee50a elementor-section-boxed elementor-section-height-default elementor-section-height-default\" data-id=\"96ee50a\" data-element_type=\"section\" data-e-type=\"section\">\n\t\t\t\t\t\t<div class=\"elementor-container elementor-column-gap-default\">\n\t\t\t\t\t<div class=\"elementor-column elementor-col-100 elementor-top-column elementor-element elementor-element-57179f2\" data-id=\"57179f2\" data-element_type=\"column\" data-e-type=\"column\">\n\t\t\t<div class=\"elementor-widget-wrap elementor-element-populated\">\n\t\t\t\t\t\t<div class=\"elementor-element elementor-element-fcd81d9 elementor-widget elementor-widget-spacer\" data-id=\"fcd81d9\" data-element_type=\"widget\" data-e-type=\"widget\" data-widget_type=\"spacer.default\">\n\t\t\t\t<div class=\"elementor-widget-container\">\n\t\t\t\t\t\t\t<div class=\"elementor-spacer\">\n\t\t\t<div class=\"elementor-spacer-inner\"><\/div>\n\t\t<\/div>\n\t\t\t\t\t\t<\/div>\n\t\t\t\t<\/div>\n\t\t\t\t\t<\/div>\n\t\t<\/div>\n\t\t\t\t\t<\/div>\n\t\t<\/section>\n\t\t\t\t<section class=\"elementor-section elementor-top-section elementor-element elementor-element-2b77b01 elementor-section-boxed elementor-section-height-default elementor-section-height-default\" data-id=\"2b77b01\" data-element_type=\"section\" data-e-type=\"section\">\n\t\t\t\t\t\t<div class=\"elementor-container elementor-column-gap-default\">\n\t\t\t\t\t<div class=\"elementor-column elementor-col-25 elementor-top-column elementor-element elementor-element-a1379d4\" data-id=\"a1379d4\" data-element_type=\"column\" data-e-type=\"column\">\n\t\t\t<div class=\"elementor-widget-wrap elementor-element-populated\">\n\t\t\t\t\t\t<div class=\"elementor-element elementor-element-9328345 elementor-widget__width-initial elementor-widget elementor-widget-image\" data-id=\"9328345\" data-element_type=\"widget\" data-e-type=\"widget\" data-widget_type=\"image.default\">\n\t\t\t\t<div class=\"elementor-widget-container\">\n\t\t\t\t\t\t\t\t\t\t\t\t<figure class=\"wp-caption\">\n\t\t\t\t\t\t\t\t\t\t\t<a href=\"https:\/\/quatricinia.com\/fr\/vitae\/juan-ullibarri\/\">\n\t\t\t\t\t\t\t<img fetchpriority=\"high\" decoding=\"async\" width=\"683\" height=\"1024\" src=\"https:\/\/quatricinia.com\/wp-content\/uploads\/2025\/11\/quatricinia-renaissance-2-683x1024.jpg\" class=\"attachment-large size-large wp-image-1143\" alt=\"\" srcset=\"https:\/\/quatricinia.com\/wp-content\/uploads\/2025\/11\/quatricinia-renaissance-2-683x1024.jpg 683w, https:\/\/quatricinia.com\/wp-content\/uploads\/2025\/11\/quatricinia-renaissance-2-200x300.jpg 200w, https:\/\/quatricinia.com\/wp-content\/uploads\/2025\/11\/quatricinia-renaissance-2-768x1152.jpg 768w, https:\/\/quatricinia.com\/wp-content\/uploads\/2025\/11\/quatricinia-renaissance-2-1024x1536.jpg 1024w, https:\/\/quatricinia.com\/wp-content\/uploads\/2025\/11\/quatricinia-renaissance-2-1365x2048.jpg 1365w, https:\/\/quatricinia.com\/wp-content\/uploads\/2025\/11\/quatricinia-renaissance-2-8x12.jpg 8w, https:\/\/quatricinia.com\/wp-content\/uploads\/2025\/11\/quatricinia-renaissance-2-700x1050.jpg 700w, https:\/\/quatricinia.com\/wp-content\/uploads\/2025\/11\/quatricinia-renaissance-2-520x780.jpg 520w, https:\/\/quatricinia.com\/wp-content\/uploads\/2025\/11\/quatricinia-renaissance-2-360x540.jpg 360w, https:\/\/quatricinia.com\/wp-content\/uploads\/2025\/11\/quatricinia-renaissance-2-250x375.jpg 250w, https:\/\/quatricinia.com\/wp-content\/uploads\/2025\/11\/quatricinia-renaissance-2-100x150.jpg 100w, https:\/\/quatricinia.com\/wp-content\/uploads\/2025\/11\/quatricinia-renaissance-2-scaled.jpg 1707w\" sizes=\"(max-width: 683px) 100vw, 683px\" \/>\t\t\t\t\t\t\t\t<\/a>\n\t\t\t\t\t\t\t\t\t\t\t<figcaption class=\"widget-image-caption wp-caption-text\">Foto  Fr\u00e9d\u00e9rique Bouchard<\/figcaption>\n\t\t\t\t\t\t\t\t\t\t<\/figure>\n\t\t\t\t\t\t\t\t\t<\/div>\n\t\t\t\t<\/div>\n\t\t\t\t<div class=\"elementor-element elementor-element-71fe924 elementor-widget elementor-widget-text-editor\" data-id=\"71fe924\" data-element_type=\"widget\" data-e-type=\"widget\" data-widget_type=\"text-editor.default\">\n\t\t\t\t<div class=\"elementor-widget-container\">\n\t\t\t\t\t\t\t\t\t<p>Juan Ullibarri<\/p><p><br><\/p>\t\t\t\t\t\t\t\t<\/div>\n\t\t\t\t<\/div>\n\t\t\t\t\t<\/div>\n\t\t<\/div>\n\t\t\t\t<div class=\"elementor-column elementor-col-25 elementor-top-column elementor-element elementor-element-eb5b6b7\" data-id=\"eb5b6b7\" data-element_type=\"column\" data-e-type=\"column\">\n\t\t\t<div class=\"elementor-widget-wrap elementor-element-populated\">\n\t\t\t\t\t\t<div class=\"elementor-element elementor-element-842bc0d elementor-widget__width-initial elementor-widget elementor-widget-image\" data-id=\"842bc0d\" data-element_type=\"widget\" data-e-type=\"widget\" data-widget_type=\"image.default\">\n\t\t\t\t<div class=\"elementor-widget-container\">\n\t\t\t\t\t\t\t\t\t\t\t\t<figure class=\"wp-caption\">\n\t\t\t\t\t\t\t\t\t\t\t<a href=\"https:\/\/quatricinia.com\/fr\/vitae\/heather-madeira-ni\/\">\n\t\t\t\t\t\t\t<img decoding=\"async\" width=\"683\" height=\"1024\" src=\"https:\/\/quatricinia.com\/wp-content\/uploads\/2025\/11\/quatricinia-renaissance-4-683x1024.jpg\" class=\"attachment-large size-large wp-image-1122\" alt=\"\" srcset=\"https:\/\/quatricinia.com\/wp-content\/uploads\/2025\/11\/quatricinia-renaissance-4-683x1024.jpg 683w, https:\/\/quatricinia.com\/wp-content\/uploads\/2025\/11\/quatricinia-renaissance-4-200x300.jpg 200w, https:\/\/quatricinia.com\/wp-content\/uploads\/2025\/11\/quatricinia-renaissance-4-768x1152.jpg 768w, https:\/\/quatricinia.com\/wp-content\/uploads\/2025\/11\/quatricinia-renaissance-4-1024x1536.jpg 1024w, https:\/\/quatricinia.com\/wp-content\/uploads\/2025\/11\/quatricinia-renaissance-4-1365x2048.jpg 1365w, https:\/\/quatricinia.com\/wp-content\/uploads\/2025\/11\/quatricinia-renaissance-4-8x12.jpg 8w, https:\/\/quatricinia.com\/wp-content\/uploads\/2025\/11\/quatricinia-renaissance-4-700x1050.jpg 700w, https:\/\/quatricinia.com\/wp-content\/uploads\/2025\/11\/quatricinia-renaissance-4-520x780.jpg 520w, https:\/\/quatricinia.com\/wp-content\/uploads\/2025\/11\/quatricinia-renaissance-4-360x540.jpg 360w, https:\/\/quatricinia.com\/wp-content\/uploads\/2025\/11\/quatricinia-renaissance-4-250x375.jpg 250w, https:\/\/quatricinia.com\/wp-content\/uploads\/2025\/11\/quatricinia-renaissance-4-100x150.jpg 100w, https:\/\/quatricinia.com\/wp-content\/uploads\/2025\/11\/quatricinia-renaissance-4-scaled.jpg 1707w\" sizes=\"(max-width: 683px) 100vw, 683px\" \/>\t\t\t\t\t\t\t\t<\/a>\n\t\t\t\t\t\t\t\t\t\t\t<figcaption class=\"widget-image-caption wp-caption-text\">Foto  Fr\u00e9d\u00e9rique Bouchard<\/figcaption>\n\t\t\t\t\t\t\t\t\t\t<\/figure>\n\t\t\t\t\t\t\t\t\t<\/div>\n\t\t\t\t<\/div>\n\t\t\t\t<div class=\"elementor-element elementor-element-eca53f3 elementor-widget elementor-widget-text-editor\" data-id=\"eca53f3\" data-element_type=\"widget\" data-e-type=\"widget\" data-widget_type=\"text-editor.default\">\n\t\t\t\t<div class=\"elementor-widget-container\">\n\t\t\t\t\t\t\t\t\t<p>Heather Madeira Ni<\/p>\t\t\t\t\t\t\t\t<\/div>\n\t\t\t\t<\/div>\n\t\t\t\t\t<\/div>\n\t\t<\/div>\n\t\t\t\t<div class=\"elementor-column elementor-col-25 elementor-top-column elementor-element elementor-element-1b4a39a\" data-id=\"1b4a39a\" data-element_type=\"column\" data-e-type=\"column\">\n\t\t\t<div class=\"elementor-widget-wrap elementor-element-populated\">\n\t\t\t\t\t\t<div class=\"elementor-element elementor-element-9df1a2d elementor-widget__width-initial elementor-widget elementor-widget-image\" data-id=\"9df1a2d\" data-element_type=\"widget\" data-e-type=\"widget\" data-widget_type=\"image.default\">\n\t\t\t\t<div class=\"elementor-widget-container\">\n\t\t\t\t\t\t\t\t\t\t\t\t<figure class=\"wp-caption\">\n\t\t\t\t\t\t\t\t\t\t\t<a href=\"https:\/\/quatricinia.com\/fr\/vitae\/leon-ni\/\">\n\t\t\t\t\t\t\t<img decoding=\"async\" width=\"683\" height=\"1024\" src=\"https:\/\/quatricinia.com\/wp-content\/uploads\/2025\/11\/quatricinia-renaissance-3-683x1024.jpg\" class=\"attachment-large size-large wp-image-1144\" alt=\"\" srcset=\"https:\/\/quatricinia.com\/wp-content\/uploads\/2025\/11\/quatricinia-renaissance-3-683x1024.jpg 683w, https:\/\/quatricinia.com\/wp-content\/uploads\/2025\/11\/quatricinia-renaissance-3-200x300.jpg 200w, https:\/\/quatricinia.com\/wp-content\/uploads\/2025\/11\/quatricinia-renaissance-3-768x1152.jpg 768w, https:\/\/quatricinia.com\/wp-content\/uploads\/2025\/11\/quatricinia-renaissance-3-1024x1536.jpg 1024w, https:\/\/quatricinia.com\/wp-content\/uploads\/2025\/11\/quatricinia-renaissance-3-1365x2048.jpg 1365w, https:\/\/quatricinia.com\/wp-content\/uploads\/2025\/11\/quatricinia-renaissance-3-8x12.jpg 8w, https:\/\/quatricinia.com\/wp-content\/uploads\/2025\/11\/quatricinia-renaissance-3-700x1050.jpg 700w, https:\/\/quatricinia.com\/wp-content\/uploads\/2025\/11\/quatricinia-renaissance-3-520x780.jpg 520w, https:\/\/quatricinia.com\/wp-content\/uploads\/2025\/11\/quatricinia-renaissance-3-360x540.jpg 360w, https:\/\/quatricinia.com\/wp-content\/uploads\/2025\/11\/quatricinia-renaissance-3-250x375.jpg 250w, https:\/\/quatricinia.com\/wp-content\/uploads\/2025\/11\/quatricinia-renaissance-3-100x150.jpg 100w, https:\/\/quatricinia.com\/wp-content\/uploads\/2025\/11\/quatricinia-renaissance-3-scaled.jpg 1707w\" sizes=\"(max-width: 683px) 100vw, 683px\" \/>\t\t\t\t\t\t\t\t<\/a>\n\t\t\t\t\t\t\t\t\t\t\t<figcaption class=\"widget-image-caption wp-caption-text\">Foto  Fr\u00e9d\u00e9rique Bouchard<\/figcaption>\n\t\t\t\t\t\t\t\t\t\t<\/figure>\n\t\t\t\t\t\t\t\t\t<\/div>\n\t\t\t\t<\/div>\n\t\t\t\t<div class=\"elementor-element elementor-element-249b274 elementor-widget elementor-widget-text-editor\" data-id=\"249b274\" data-element_type=\"widget\" data-e-type=\"widget\" data-widget_type=\"text-editor.default\">\n\t\t\t\t<div class=\"elementor-widget-container\">\n\t\t\t\t\t\t\t\t\t<p>Leon Ni<\/p>\t\t\t\t\t\t\t\t<\/div>\n\t\t\t\t<\/div>\n\t\t\t\t\t<\/div>\n\t\t<\/div>\n\t\t\t\t<div class=\"elementor-column elementor-col-25 elementor-top-column elementor-element elementor-element-a333637\" data-id=\"a333637\" data-element_type=\"column\" data-e-type=\"column\">\n\t\t\t<div class=\"elementor-widget-wrap elementor-element-populated\">\n\t\t\t\t\t\t<div class=\"elementor-element elementor-element-9842851 elementor-widget__width-initial elementor-widget elementor-widget-image\" data-id=\"9842851\" data-element_type=\"widget\" data-e-type=\"widget\" data-widget_type=\"image.default\">\n\t\t\t\t<div class=\"elementor-widget-container\">\n\t\t\t\t\t\t\t\t\t\t\t\t<figure class=\"wp-caption\">\n\t\t\t\t\t\t\t\t\t\t\t<a href=\"https:\/\/quatricinia.com\/fr\/vitae\/idoia-bengoa\/\">\n\t\t\t\t\t\t\t<img loading=\"lazy\" decoding=\"async\" width=\"683\" height=\"1024\" src=\"https:\/\/quatricinia.com\/wp-content\/uploads\/2025\/11\/quatricinia-renaissance-6-683x1024.jpg\" class=\"attachment-large size-large wp-image-1123\" alt=\"\" srcset=\"https:\/\/quatricinia.com\/wp-content\/uploads\/2025\/11\/quatricinia-renaissance-6-683x1024.jpg 683w, https:\/\/quatricinia.com\/wp-content\/uploads\/2025\/11\/quatricinia-renaissance-6-200x300.jpg 200w, https:\/\/quatricinia.com\/wp-content\/uploads\/2025\/11\/quatricinia-renaissance-6-768x1152.jpg 768w, https:\/\/quatricinia.com\/wp-content\/uploads\/2025\/11\/quatricinia-renaissance-6-1024x1536.jpg 1024w, https:\/\/quatricinia.com\/wp-content\/uploads\/2025\/11\/quatricinia-renaissance-6-1365x2048.jpg 1365w, https:\/\/quatricinia.com\/wp-content\/uploads\/2025\/11\/quatricinia-renaissance-6-8x12.jpg 8w, https:\/\/quatricinia.com\/wp-content\/uploads\/2025\/11\/quatricinia-renaissance-6-700x1050.jpg 700w, https:\/\/quatricinia.com\/wp-content\/uploads\/2025\/11\/quatricinia-renaissance-6-520x780.jpg 520w, https:\/\/quatricinia.com\/wp-content\/uploads\/2025\/11\/quatricinia-renaissance-6-360x540.jpg 360w, https:\/\/quatricinia.com\/wp-content\/uploads\/2025\/11\/quatricinia-renaissance-6-250x375.jpg 250w, https:\/\/quatricinia.com\/wp-content\/uploads\/2025\/11\/quatricinia-renaissance-6-100x150.jpg 100w, https:\/\/quatricinia.com\/wp-content\/uploads\/2025\/11\/quatricinia-renaissance-6-scaled.jpg 1707w\" sizes=\"(max-width: 683px) 100vw, 683px\" \/>\t\t\t\t\t\t\t\t<\/a>\n\t\t\t\t\t\t\t\t\t\t\t<figcaption class=\"widget-image-caption wp-caption-text\">Foto  Fr\u00e9d\u00e9rique Bouchard<\/figcaption>\n\t\t\t\t\t\t\t\t\t\t<\/figure>\n\t\t\t\t\t\t\t\t\t<\/div>\n\t\t\t\t<\/div>\n\t\t\t\t<div class=\"elementor-element elementor-element-2c3f44f elementor-widget elementor-widget-text-editor\" data-id=\"2c3f44f\" data-element_type=\"widget\" data-e-type=\"widget\" data-widget_type=\"text-editor.default\">\n\t\t\t\t<div class=\"elementor-widget-container\">\n\t\t\t\t\t\t\t\t\t<p>Idoia Bengoa<\/p>\t\t\t\t\t\t\t\t<\/div>\n\t\t\t\t<\/div>\n\t\t\t\t\t<\/div>\n\t\t<\/div>\n\t\t\t\t\t<\/div>\n\t\t<\/section>\n\t\t\t\t<section class=\"elementor-section elementor-top-section elementor-element elementor-element-abd344e elementor-section-boxed elementor-section-height-default elementor-section-height-default\" data-id=\"abd344e\" data-element_type=\"section\" data-e-type=\"section\">\n\t\t\t\t\t\t<div class=\"elementor-container elementor-column-gap-default\">\n\t\t\t\t\t<div class=\"elementor-column elementor-col-25 elementor-top-column elementor-element elementor-element-7485ea1\" data-id=\"7485ea1\" data-element_type=\"column\" data-e-type=\"column\">\n\t\t\t<div class=\"elementor-widget-wrap elementor-element-populated\">\n\t\t\t\t\t\t<div class=\"elementor-element elementor-element-6ad9ee4 elementor-widget elementor-widget-image\" data-id=\"6ad9ee4\" data-element_type=\"widget\" data-e-type=\"widget\" data-widget_type=\"image.default\">\n\t\t\t\t<div class=\"elementor-widget-container\">\n\t\t\t\t\t\t\t\t\t\t\t\t\t\t\t\t<a href=\"https:\/\/quatricinia.com\/fr\/vitae\/pedro-gonzalez\/\">\n\t\t\t\t\t\t\t<img loading=\"lazy\" decoding=\"async\" width=\"800\" height=\"860\" src=\"https:\/\/quatricinia.com\/wp-content\/uploads\/2026\/02\/Pedro-castillo.jpeg\" class=\"attachment-large size-large wp-image-1586\" alt=\"\" srcset=\"https:\/\/quatricinia.com\/wp-content\/uploads\/2026\/02\/Pedro-castillo.jpeg 953w, https:\/\/quatricinia.com\/wp-content\/uploads\/2026\/02\/Pedro-castillo-279x300.jpeg 279w, https:\/\/quatricinia.com\/wp-content\/uploads\/2026\/02\/Pedro-castillo-768x825.jpeg 768w, https:\/\/quatricinia.com\/wp-content\/uploads\/2026\/02\/Pedro-castillo-11x12.jpeg 11w\" sizes=\"(max-width: 800px) 100vw, 800px\" \/>\t\t\t\t\t\t\t\t<\/a>\n\t\t\t\t\t\t\t\t\t\t\t\t\t\t\t<\/div>\n\t\t\t\t<\/div>\n\t\t\t\t\t<\/div>\n\t\t<\/div>\n\t\t\t\t<div class=\"elementor-column elementor-col-25 elementor-top-column elementor-element elementor-element-454098a\" data-id=\"454098a\" data-element_type=\"column\" data-e-type=\"column\">\n\t\t\t<div class=\"elementor-widget-wrap\">\n\t\t\t\t\t\t\t<\/div>\n\t\t<\/div>\n\t\t\t\t<div class=\"elementor-column elementor-col-25 elementor-top-column elementor-element elementor-element-d7a5b1f\" data-id=\"d7a5b1f\" data-element_type=\"column\" data-e-type=\"column\">\n\t\t\t<div class=\"elementor-widget-wrap\">\n\t\t\t\t\t\t\t<\/div>\n\t\t<\/div>\n\t\t\t\t<div class=\"elementor-column elementor-col-25 elementor-top-column elementor-element elementor-element-6f3e86a\" data-id=\"6f3e86a\" data-element_type=\"column\" data-e-type=\"column\">\n\t\t\t<div class=\"elementor-widget-wrap\">\n\t\t\t\t\t\t\t<\/div>\n\t\t<\/div>\n\t\t\t\t\t<\/div>\n\t\t<\/section>\n\t\t\t\t<section class=\"elementor-section elementor-top-section elementor-element elementor-element-85214ac elementor-section-boxed elementor-section-height-default elementor-section-height-default\" data-id=\"85214ac\" data-element_type=\"section\" data-e-type=\"section\">\n\t\t\t\t\t\t<div class=\"elementor-container elementor-column-gap-default\">\n\t\t\t\t\t<div class=\"elementor-column elementor-col-25 elementor-top-column elementor-element elementor-element-225765c\" data-id=\"225765c\" data-element_type=\"column\" data-e-type=\"column\">\n\t\t\t<div class=\"elementor-widget-wrap elementor-element-populated\">\n\t\t\t\t\t\t<div class=\"elementor-element elementor-element-a4501a5 elementor-widget elementor-widget-text-editor\" data-id=\"a4501a5\" data-element_type=\"widget\" data-e-type=\"widget\" data-widget_type=\"text-editor.default\">\n\t\t\t\t<div class=\"elementor-widget-container\">\n\t\t\t\t\t\t\t\t\t<p>Pedro Gonzalez<\/p>\t\t\t\t\t\t\t\t<\/div>\n\t\t\t\t<\/div>\n\t\t\t\t\t<\/div>\n\t\t<\/div>\n\t\t\t\t<div class=\"elementor-column elementor-col-25 elementor-top-column elementor-element elementor-element-820b37f\" data-id=\"820b37f\" data-element_type=\"column\" data-e-type=\"column\">\n\t\t\t<div class=\"elementor-widget-wrap\">\n\t\t\t\t\t\t\t<\/div>\n\t\t<\/div>\n\t\t\t\t<div class=\"elementor-column elementor-col-25 elementor-top-column elementor-element elementor-element-60b12e9\" data-id=\"60b12e9\" data-element_type=\"column\" data-e-type=\"column\">\n\t\t\t<div class=\"elementor-widget-wrap\">\n\t\t\t\t\t\t\t<\/div>\n\t\t<\/div>\n\t\t\t\t<div class=\"elementor-column elementor-col-25 elementor-top-column elementor-element elementor-element-5128b96\" data-id=\"5128b96\" data-element_type=\"column\" data-e-type=\"column\">\n\t\t\t<div class=\"elementor-widget-wrap\">\n\t\t\t\t\t\t\t<\/div>\n\t\t<\/div>\n\t\t\t\t\t<\/div>\n\t\t<\/section>\n\t\t\t\t<\/div>","protected":false},"excerpt":{"rendered":"<p>Foto Fr\u00e9d\u00e9rique Bouchard Juan Ullibarri Foto Fr\u00e9d\u00e9rique Bouchard Heather Madeira Ni Foto Fr\u00e9d\u00e9rique Bouchard Leon Ni Foto Fr\u00e9d\u00e9rique Bouchard Idoia Bengoa Pedro Gonzalez<\/p>","protected":false},"author":1,"featured_media":0,"parent":0,"menu_order":0,"comment_status":"closed","ping_status":"closed","template":"","meta":{"footnotes":""},"class_list":["post-380","page","type-page","status-publish","hentry"],"_links":{"self":[{"href":"https:\/\/quatricinia.com\/fr\/wp-json\/wp\/v2\/pages\/380","targetHints":{"allow":["GET"]}}],"collection":[{"href":"https:\/\/quatricinia.com\/fr\/wp-json\/wp\/v2\/pages"}],"about":[{"href":"https:\/\/quatricinia.com\/fr\/wp-json\/wp\/v2\/types\/page"}],"author":[{"embeddable":true,"href":"https:\/\/quatricinia.com\/fr\/wp-json\/wp\/v2\/users\/1"}],"replies":[{"embeddable":true,"href":"https:\/\/quatricinia.com\/fr\/wp-json\/wp\/v2\/comments?post=380"}],"version-history":[{"count":44,"href":"https:\/\/quatricinia.com\/fr\/wp-json\/wp\/v2\/pages\/380\/revisions"}],"predecessor-version":[{"id":1664,"href":"https:\/\/quatricinia.com\/fr\/wp-json\/wp\/v2\/pages\/380\/revisions\/1664"}],"wp:attachment":[{"href":"https:\/\/quatricinia.com\/fr\/wp-json\/wp\/v2\/media?parent=380"}],"curies":[{"name":"wp","href":"https:\/\/api.w.org\/{rel}","templated":true}]}}