{"id":1580,"date":"2026-02-23T13:55:11","date_gmt":"2026-02-23T13:55:11","guid":{"rendered":"https:\/\/quatricinia.com\/?page_id=1580"},"modified":"2026-02-23T14:06:18","modified_gmt":"2026-02-23T14:06:18","slug":"pedro-gonzalez","status":"publish","type":"page","link":"https:\/\/quatricinia.com\/fr\/vitae\/pedro-gonzalez","title":{"rendered":"Pedro Gonzalez"},"content":{"rendered":"<div data-elementor-type=\"wp-page\" data-elementor-id=\"1580\" class=\"elementor elementor-1580\">\n\t\t\t\t\t\t<section class=\"elementor-section elementor-top-section elementor-element elementor-element-e724587 elementor-section-boxed elementor-section-height-default elementor-section-height-default\" data-id=\"e724587\" data-element_type=\"section\" data-e-type=\"section\">\n\t\t\t\t\t\t<div class=\"elementor-container elementor-column-gap-default\">\n\t\t\t\t\t<div class=\"elementor-column elementor-col-50 elementor-top-column elementor-element elementor-element-61c2963\" data-id=\"61c2963\" data-element_type=\"column\" data-e-type=\"column\">\n\t\t\t<div class=\"elementor-widget-wrap elementor-element-populated\">\n\t\t\t\t\t\t<div class=\"elementor-element elementor-element-027cef4 elementor-widget elementor-widget-text-editor\" data-id=\"027cef4\" data-element_type=\"widget\" data-e-type=\"widget\" data-widget_type=\"text-editor.default\">\n\t\t\t\t<div class=\"elementor-widget-container\">\n\t\t\t\t\t\t\t\t\t<p>Pedro Gonzalez est un batteur et percussionniste bas\u00e9 au Luxembourg.<\/p><p>Il est reconnu pour sa polyvalence stylistique et sa diversit\u00e9 musicale, jouant de la batterie avec des artistes pop\/rock ainsi que dans le jazz, les musiques du monde, entre autres.<\/p><p>Il se produit r\u00e9guli\u00e8rement en live avec Josh Island, Ethan Carey, Luxembrass, Cocina Latina, Quatricinia, Zero Point Five et Rozeen, pour n\u2019en citer que quelques-uns.<\/p><p>Il a \u00e9tudi\u00e9 l\u2019interpr\u00e9tation en musiques actuelles au BIMM London ainsi que le jazz \u00e0 la Guildhall School of Music and Drama.<\/p>\t\t\t\t\t\t\t\t<\/div>\n\t\t\t\t<\/div>\n\t\t\t\t\t<\/div>\n\t\t<\/div>\n\t\t\t\t<div class=\"elementor-column elementor-col-50 elementor-top-column elementor-element elementor-element-7c49b10\" data-id=\"7c49b10\" data-element_type=\"column\" data-e-type=\"column\">\n\t\t\t<div class=\"elementor-widget-wrap elementor-element-populated\">\n\t\t\t\t\t\t<div class=\"elementor-element elementor-element-76735f4 elementor-widget elementor-widget-image\" data-id=\"76735f4\" data-element_type=\"widget\" data-e-type=\"widget\" data-widget_type=\"image.default\">\n\t\t\t\t<div class=\"elementor-widget-container\">\n\t\t\t\t\t\t\t\t\t\t\t\t\t\t\t<img fetchpriority=\"high\" decoding=\"async\" width=\"800\" height=\"795\" src=\"https:\/\/quatricinia.com\/wp-content\/uploads\/2026\/02\/Pedro-azul-1024x1017.jpeg\" class=\"attachment-large size-large wp-image-1582\" alt=\"\" srcset=\"https:\/\/quatricinia.com\/wp-content\/uploads\/2026\/02\/Pedro-azul-1024x1017.jpeg 1024w, https:\/\/quatricinia.com\/wp-content\/uploads\/2026\/02\/Pedro-azul-300x298.jpeg 300w, https:\/\/quatricinia.com\/wp-content\/uploads\/2026\/02\/Pedro-azul-150x150.jpeg 150w, https:\/\/quatricinia.com\/wp-content\/uploads\/2026\/02\/Pedro-azul-768x763.jpeg 768w, https:\/\/quatricinia.com\/wp-content\/uploads\/2026\/02\/Pedro-azul-12x12.jpeg 12w, https:\/\/quatricinia.com\/wp-content\/uploads\/2026\/02\/Pedro-azul.jpeg 1159w\" sizes=\"(max-width: 800px) 100vw, 800px\" \/>\t\t\t\t\t\t\t\t\t\t\t\t\t\t\t<\/div>\n\t\t\t\t<\/div>\n\t\t\t\t\t<\/div>\n\t\t<\/div>\n\t\t\t\t\t<\/div>\n\t\t<\/section>\n\t\t\t\t<\/div>","protected":false},"excerpt":{"rendered":"<p>Pedro Gonzalez ist ein in Luxemburg ans\u00e4ssiger Schlagzeuger und Perkussionist. Er ist bekannt f\u00fcr seine stilistische Vielseitigkeit und musikalische Bandbreite und spielt Schlagzeug mit Pop-\/Rock-K\u00fcnstlern sowie Jazz, World Music und anderen Genres. Er tritt regelm\u00e4\u00dfig live mit Josh Island, Ethan Carey, Luxembrass, Cocina Latina, Quatricinia, Zero Point Five und Rozeen auf, um nur einige zu [&hellip;]<\/p>\n","protected":false},"author":1,"featured_media":0,"parent":380,"menu_order":7,"comment_status":"closed","ping_status":"closed","template":"","meta":{"footnotes":""},"class_list":["post-1580","page","type-page","status-publish","hentry"],"_links":{"self":[{"href":"https:\/\/quatricinia.com\/fr\/wp-json\/wp\/v2\/pages\/1580","targetHints":{"allow":["GET"]}}],"collection":[{"href":"https:\/\/quatricinia.com\/fr\/wp-json\/wp\/v2\/pages"}],"about":[{"href":"https:\/\/quatricinia.com\/fr\/wp-json\/wp\/v2\/types\/page"}],"author":[{"embeddable":true,"href":"https:\/\/quatricinia.com\/fr\/wp-json\/wp\/v2\/users\/1"}],"replies":[{"embeddable":true,"href":"https:\/\/quatricinia.com\/fr\/wp-json\/wp\/v2\/comments?post=1580"}],"version-history":[{"count":7,"href":"https:\/\/quatricinia.com\/fr\/wp-json\/wp\/v2\/pages\/1580\/revisions"}],"predecessor-version":[{"id":1592,"href":"https:\/\/quatricinia.com\/fr\/wp-json\/wp\/v2\/pages\/1580\/revisions\/1592"}],"up":[{"embeddable":true,"href":"https:\/\/quatricinia.com\/fr\/wp-json\/wp\/v2\/pages\/380"}],"wp:attachment":[{"href":"https:\/\/quatricinia.com\/fr\/wp-json\/wp\/v2\/media?parent=1580"}],"curies":[{"name":"wp","href":"https:\/\/api.w.org\/{rel}","templated":true}]}}