{"id":1465,"date":"2026-02-19T21:13:38","date_gmt":"2026-02-19T21:13:38","guid":{"rendered":"https:\/\/quatricinia.com\/?page_id=1465"},"modified":"2026-03-30T15:33:23","modified_gmt":"2026-03-30T15:33:23","slug":"del-siglo-de-oro-al-pasodoble-siglo-de-oro-trifft-pasodoble","status":"publish","type":"page","link":"https:\/\/quatricinia.com\/fr\/projekte\/del-siglo-de-oro-al-pasodoble-siglo-de-oro-trifft-pasodoble","title":{"rendered":"Del Siglo de Oro al Pasodoble (Du Si\u00e8cle d\u2019or au Pasodoble)"},"content":{"rendered":"<div data-elementor-type=\"wp-page\" data-elementor-id=\"1465\" class=\"elementor elementor-1465\">\n\t\t\t\t\t\t<section class=\"elementor-section elementor-top-section elementor-element elementor-element-d4c6396 elementor-section-boxed elementor-section-height-default elementor-section-height-default\" data-id=\"d4c6396\" data-element_type=\"section\" data-e-type=\"section\">\n\t\t\t\t\t\t<div class=\"elementor-container elementor-column-gap-default\">\n\t\t\t\t\t<div class=\"elementor-column elementor-col-100 elementor-top-column elementor-element elementor-element-d11f678\" data-id=\"d11f678\" data-element_type=\"column\" data-e-type=\"column\">\n\t\t\t<div class=\"elementor-widget-wrap elementor-element-populated\">\n\t\t\t\t\t\t<div class=\"elementor-element elementor-element-83df995 elementor-widget elementor-widget-image\" data-id=\"83df995\" data-element_type=\"widget\" data-e-type=\"widget\" data-widget_type=\"image.default\">\n\t\t\t\t<div class=\"elementor-widget-container\">\n\t\t\t\t\t\t\t\t\t\t\t\t<figure class=\"wp-caption\">\n\t\t\t\t\t\t\t\t\t\t<img fetchpriority=\"high\" decoding=\"async\" width=\"800\" height=\"640\" src=\"https:\/\/quatricinia.com\/wp-content\/uploads\/2026\/02\/Paulo-Lobo-2025-10-09-1024x819.jpg\" class=\"attachment-large size-large wp-image-1478\" alt=\"\" srcset=\"https:\/\/quatricinia.com\/wp-content\/uploads\/2026\/02\/Paulo-Lobo-2025-10-09-1024x819.jpg 1024w, https:\/\/quatricinia.com\/wp-content\/uploads\/2026\/02\/Paulo-Lobo-2025-10-09-300x240.jpg 300w, https:\/\/quatricinia.com\/wp-content\/uploads\/2026\/02\/Paulo-Lobo-2025-10-09-768x614.jpg 768w, https:\/\/quatricinia.com\/wp-content\/uploads\/2026\/02\/Paulo-Lobo-2025-10-09-1536x1229.jpg 1536w, https:\/\/quatricinia.com\/wp-content\/uploads\/2026\/02\/Paulo-Lobo-2025-10-09-2048x1638.jpg 2048w, https:\/\/quatricinia.com\/wp-content\/uploads\/2026\/02\/Paulo-Lobo-2025-10-09-15x12.jpg 15w\" sizes=\"(max-width: 800px) 100vw, 800px\" \/>\t\t\t\t\t\t\t\t\t\t\t<figcaption class=\"widget-image-caption wp-caption-text\">Foto Paulo Lobo<\/figcaption>\n\t\t\t\t\t\t\t\t\t\t<\/figure>\n\t\t\t\t\t\t\t\t\t<\/div>\n\t\t\t\t<\/div>\n\t\t\t\t\t<\/div>\n\t\t<\/div>\n\t\t\t\t\t<\/div>\n\t\t<\/section>\n\t\t\t\t<section class=\"elementor-section elementor-top-section elementor-element elementor-element-3b1edbd elementor-section-boxed elementor-section-height-default elementor-section-height-default\" data-id=\"3b1edbd\" data-element_type=\"section\" data-e-type=\"section\">\n\t\t\t\t\t\t<div class=\"elementor-container elementor-column-gap-default\">\n\t\t\t\t\t<div class=\"elementor-column elementor-col-100 elementor-top-column elementor-element elementor-element-c8a96cc\" data-id=\"c8a96cc\" data-element_type=\"column\" data-e-type=\"column\">\n\t\t\t<div class=\"elementor-widget-wrap elementor-element-populated\">\n\t\t\t\t\t\t<div class=\"elementor-element elementor-element-02739a6 elementor-widget elementor-widget-text-editor\" data-id=\"02739a6\" data-element_type=\"widget\" data-e-type=\"widget\" data-widget_type=\"text-editor.default\">\n\t\t\t\t<div class=\"elementor-widget-container\">\n\t\t\t\t\t\t\t\t\t<p>\u00a0<\/p><p>Avec ce programme d\u00e9sign\u00e9 pour des \u00e9v\u00e8nements festifs, Quatricinia ose une combinaison de contrastes musicaux. D\u2019un c\u00f4t\u00e9, des m\u00e9lodies de la Renaissance et du Baroque \u00e0 l\u2019\u00e9poque du Si\u00e8cle d\u2019or espagnol (de la moiti\u00e9 du 16\u00e8me \u00e0 la moiti\u00e9 du 17\u00e8me si\u00e8cle) \u00e9crites par des compositeurs comme Juan Hidalgo, Mateo Romero, Mart\u00edn y Coll et Crist\u00f3bal Gal\u00e1n, avec notamment des \u0153uvres conserv\u00e9es dans les collections du Cancionero de Upsala et du Cancionero de Palacio. D\u2019un autre c\u00f4t\u00e9, le programme propose une s\u00e9lection de la musique populaire espagnole, entre autres les fameux pasodobles, en jouant des \u0153uvres de compositeurs comme Antonio \u00c1lvarez Alonso et Pascual Marquina. Pour ce programme, Quatricina modernise son instrumentation.<\/p>\t\t\t\t\t\t\t\t<\/div>\n\t\t\t\t<\/div>\n\t\t\t\t\t<\/div>\n\t\t<\/div>\n\t\t\t\t\t<\/div>\n\t\t<\/section>\n\t\t\t\t<\/div>","protected":false},"excerpt":{"rendered":"<p>Foto Paulo Lobo \u00a0 Mit diesem f\u00fcr feierliche Anl\u00e4sse konzipierten Programm wagt Quatricinia eine Zusammenstellung musikalischer Kontraste. Zum einen, Melodien aus der Renaissance und dem Fr\u00fchbarock in der Zeit des Siglo de Oro, des Spanischen Goldenen Jahrhunderts (Mitte des 16. bis Mitte des 17. Jahrhundert), mit Werken aus den Sammlungen des Cancionero de Upsala und [&hellip;]<\/p>\n","protected":false},"author":1,"featured_media":0,"parent":293,"menu_order":3,"comment_status":"closed","ping_status":"closed","template":"","meta":{"footnotes":""},"class_list":["post-1465","page","type-page","status-publish","hentry"],"_links":{"self":[{"href":"https:\/\/quatricinia.com\/fr\/wp-json\/wp\/v2\/pages\/1465","targetHints":{"allow":["GET"]}}],"collection":[{"href":"https:\/\/quatricinia.com\/fr\/wp-json\/wp\/v2\/pages"}],"about":[{"href":"https:\/\/quatricinia.com\/fr\/wp-json\/wp\/v2\/types\/page"}],"author":[{"embeddable":true,"href":"https:\/\/quatricinia.com\/fr\/wp-json\/wp\/v2\/users\/1"}],"replies":[{"embeddable":true,"href":"https:\/\/quatricinia.com\/fr\/wp-json\/wp\/v2\/comments?post=1465"}],"version-history":[{"count":14,"href":"https:\/\/quatricinia.com\/fr\/wp-json\/wp\/v2\/pages\/1465\/revisions"}],"predecessor-version":[{"id":1724,"href":"https:\/\/quatricinia.com\/fr\/wp-json\/wp\/v2\/pages\/1465\/revisions\/1724"}],"up":[{"embeddable":true,"href":"https:\/\/quatricinia.com\/fr\/wp-json\/wp\/v2\/pages\/293"}],"wp:attachment":[{"href":"https:\/\/quatricinia.com\/fr\/wp-json\/wp\/v2\/media?parent=1465"}],"curies":[{"name":"wp","href":"https:\/\/api.w.org\/{rel}","templated":true}]}}