{"id":1453,"date":"2026-02-19T21:03:00","date_gmt":"2026-02-19T21:03:00","guid":{"rendered":"https:\/\/quatricinia.com\/?page_id=1453"},"modified":"2026-03-30T15:34:05","modified_gmt":"2026-03-30T15:34:05","slug":"die-blechgeschichte","status":"publish","type":"page","link":"https:\/\/quatricinia.com\/fr\/projekte\/die-blechgeschichte","title":{"rendered":"Die Blechgeschichte (L\u2019Histoire des Cuivres)"},"content":{"rendered":"<div data-elementor-type=\"wp-page\" data-elementor-id=\"1453\" class=\"elementor elementor-1453\">\n\t\t\t\t\t\t<section class=\"elementor-section elementor-top-section elementor-element elementor-element-e1c6cd2 elementor-section-boxed elementor-section-height-default elementor-section-height-default\" data-id=\"e1c6cd2\" data-element_type=\"section\" data-e-type=\"section\">\n\t\t\t\t\t\t<div class=\"elementor-container elementor-column-gap-default\">\n\t\t\t\t\t<div class=\"elementor-column elementor-col-100 elementor-top-column elementor-element elementor-element-81d3015\" data-id=\"81d3015\" data-element_type=\"column\" data-e-type=\"column\">\n\t\t\t<div class=\"elementor-widget-wrap elementor-element-populated\">\n\t\t\t\t\t\t<div class=\"elementor-element elementor-element-ddd84b3 elementor-widget elementor-widget-image\" data-id=\"ddd84b3\" data-element_type=\"widget\" data-e-type=\"widget\" data-widget_type=\"image.default\">\n\t\t\t\t<div class=\"elementor-widget-container\">\n\t\t\t\t\t\t\t\t\t\t\t\t\t\t\t<img fetchpriority=\"high\" decoding=\"async\" width=\"640\" height=\"960\" src=\"https:\/\/quatricinia.com\/wp-content\/uploads\/2019\/08\/Instrumentenmix-I.jpg\" class=\"attachment-large size-large wp-image-359\" alt=\"\" srcset=\"https:\/\/quatricinia.com\/wp-content\/uploads\/2019\/08\/Instrumentenmix-I.jpg 640w, https:\/\/quatricinia.com\/wp-content\/uploads\/2019\/08\/Instrumentenmix-I-200x300.jpg 200w, https:\/\/quatricinia.com\/wp-content\/uploads\/2019\/08\/Instrumentenmix-I-520x780.jpg 520w, https:\/\/quatricinia.com\/wp-content\/uploads\/2019\/08\/Instrumentenmix-I-360x540.jpg 360w, https:\/\/quatricinia.com\/wp-content\/uploads\/2019\/08\/Instrumentenmix-I-250x375.jpg 250w, https:\/\/quatricinia.com\/wp-content\/uploads\/2019\/08\/Instrumentenmix-I-100x150.jpg 100w\" sizes=\"(max-width: 640px) 100vw, 640px\" \/>\t\t\t\t\t\t\t\t\t\t\t\t\t\t\t<\/div>\n\t\t\t\t<\/div>\n\t\t\t\t<div class=\"elementor-element elementor-element-f391f02 elementor-widget elementor-widget-text-editor\" data-id=\"f391f02\" data-element_type=\"widget\" data-e-type=\"widget\" data-widget_type=\"text-editor.default\">\n\t\t\t\t<div class=\"elementor-widget-container\">\n\t\t\t\t\t\t\t\t\t<p>\u00a0<\/p><p>Comment l\u2019homme est-il arriv\u00e9 \u00e0 faire de la musique avec une pi\u00e8ce de m\u00e9tal? Cette question universelle est objet d\u2019analyse dans notre projet, avec humeur, beaucoup de musique et des clins d\u2019\u0153il pour le jeune public. Au cours d\u2019une narration, l\u2019\u00e9volution des instruments de cuivre est montr\u00e9e sur sc\u00e8ne, d\u00e8s l\u2019aube de l\u2019humanit\u00e9 jusqu\u2019\u00e0 notre temps. L\u2019ensemble Quatricinia joue, avec toute une gamme d\u2019instruments, des fragments de compositions musicales \u00e0 travers l\u2019histoire mondiale. Des projections et des petits accessoires aident le public s\u2019imaginer le contexte historique.<\/p>\t\t\t\t\t\t\t\t<\/div>\n\t\t\t\t<\/div>\n\t\t\t\t<div class=\"elementor-element elementor-element-3670a37 elementor-widget elementor-widget-text-editor\" data-id=\"3670a37\" data-element_type=\"widget\" data-e-type=\"widget\" data-widget_type=\"text-editor.default\">\n\t\t\t\t<div class=\"elementor-widget-container\">\n\t\t\t\t\t\t\t\t\t<p>Ce projet \u00e9tait cr\u00e9\u00e9 dans le cadre des Trombucco \u2013 Trumpet Days \u00e0 Dudelange (Luxembourg).<\/p><p>\u00a0<\/p>\t\t\t\t\t\t\t\t<\/div>\n\t\t\t\t<\/div>\n\t\t\t\t\t<\/div>\n\t\t<\/div>\n\t\t\t\t\t<\/div>\n\t\t<\/section>\n\t\t\t\t<\/div>","protected":false},"excerpt":{"rendered":"<p>\u00a0 Wie kam der Mensch dazu, mit einem St\u00fcck Blech Musik zu machen? Diese universelle Frage wird in unserer Blechgeschichte mit Witz und viel Musik kinder- und jugendfreundlich er\u00f6rtert. Im Rahmen einer Erz\u00e4hlung wird die Entwicklung der Blechblasinstrumente von Anbeginn der Menschheit bis zum heutigen Tage szenisch veranschaulicht. Das Ensemble Quatricinia spielt auf den verschiedensten [&hellip;]<\/p>\n","protected":false},"author":1,"featured_media":0,"parent":293,"menu_order":5,"comment_status":"closed","ping_status":"closed","template":"","meta":{"footnotes":""},"class_list":["post-1453","page","type-page","status-publish","hentry"],"_links":{"self":[{"href":"https:\/\/quatricinia.com\/fr\/wp-json\/wp\/v2\/pages\/1453","targetHints":{"allow":["GET"]}}],"collection":[{"href":"https:\/\/quatricinia.com\/fr\/wp-json\/wp\/v2\/pages"}],"about":[{"href":"https:\/\/quatricinia.com\/fr\/wp-json\/wp\/v2\/types\/page"}],"author":[{"embeddable":true,"href":"https:\/\/quatricinia.com\/fr\/wp-json\/wp\/v2\/users\/1"}],"replies":[{"embeddable":true,"href":"https:\/\/quatricinia.com\/fr\/wp-json\/wp\/v2\/comments?post=1453"}],"version-history":[{"count":10,"href":"https:\/\/quatricinia.com\/fr\/wp-json\/wp\/v2\/pages\/1453\/revisions"}],"predecessor-version":[{"id":1727,"href":"https:\/\/quatricinia.com\/fr\/wp-json\/wp\/v2\/pages\/1453\/revisions\/1727"}],"up":[{"embeddable":true,"href":"https:\/\/quatricinia.com\/fr\/wp-json\/wp\/v2\/pages\/293"}],"wp:attachment":[{"href":"https:\/\/quatricinia.com\/fr\/wp-json\/wp\/v2\/media?parent=1453"}],"curies":[{"name":"wp","href":"https:\/\/api.w.org\/{rel}","templated":true}]}}