{"id":293,"date":"2019-08-03T10:55:20","date_gmt":"2019-08-03T10:55:20","guid":{"rendered":"https:\/\/quatricinia.com\/?page_id=293"},"modified":"2026-03-30T15:29:59","modified_gmt":"2026-03-30T15:29:59","slug":"projekte","status":"publish","type":"page","link":"https:\/\/quatricinia.com\/en\/projekte","title":{"rendered":"Projects"},"content":{"rendered":"<div data-elementor-type=\"wp-post\" data-elementor-id=\"293\" class=\"elementor elementor-293\">\n\t\t\t\t\t\t<section class=\"elementor-section elementor-top-section elementor-element elementor-element-f419c63 elementor-section-boxed elementor-section-height-default elementor-section-height-default\" data-id=\"f419c63\" data-element_type=\"section\" data-e-type=\"section\">\n\t\t\t\t\t\t<div class=\"elementor-container elementor-column-gap-default\">\n\t\t\t\t\t<div class=\"elementor-column elementor-col-100 elementor-top-column elementor-element elementor-element-ac87c53\" data-id=\"ac87c53\" data-element_type=\"column\" data-e-type=\"column\">\n\t\t\t<div class=\"elementor-widget-wrap elementor-element-populated\">\n\t\t\t\t\t\t<div class=\"elementor-element elementor-element-94f3fa6 elementor-widget elementor-widget-heading\" data-id=\"94f3fa6\" data-element_type=\"widget\" data-e-type=\"widget\" data-widget_type=\"heading.default\">\n\t\t\t\t<div class=\"elementor-widget-container\">\n\t\t\t\t\t<h2 class=\"elementor-heading-title elementor-size-default\"><span style=\"letter-spacing: -1px\">Der Musikalisch-T\u00fcrkisch Eulenspiegel<\/span><\/h2>\t\t\t\t<\/div>\n\t\t\t\t<\/div>\n\t\t\t\t\t<\/div>\n\t\t<\/div>\n\t\t\t\t\t<\/div>\n\t\t<\/section>\n\t\t\t\t<section class=\"elementor-section elementor-top-section elementor-element elementor-element-597a9da elementor-section-boxed elementor-section-height-default elementor-section-height-default\" data-id=\"597a9da\" data-element_type=\"section\" data-e-type=\"section\">\n\t\t\t\t\t\t<div class=\"elementor-container elementor-column-gap-default\">\n\t\t\t\t\t<div class=\"elementor-column elementor-col-100 elementor-top-column elementor-element elementor-element-6239329\" data-id=\"6239329\" data-element_type=\"column\" data-e-type=\"column\">\n\t\t\t<div class=\"elementor-widget-wrap elementor-element-populated\">\n\t\t\t\t\t\t<div class=\"elementor-element elementor-element-98631f8 elementor-widget elementor-widget-image\" data-id=\"98631f8\" data-element_type=\"widget\" data-e-type=\"widget\" data-widget_type=\"image.default\">\n\t\t\t\t<div class=\"elementor-widget-container\">\n\t\t\t\t\t\t\t\t\t\t\t\t\t\t\t\t<a href=\"https:\/\/quatricinia.com\/en\/projekte\/der-musikalisch-tuerkische-eulenspiegel\/\">\n\t\t\t\t\t\t\t<img fetchpriority=\"high\" decoding=\"async\" width=\"568\" height=\"1024\" src=\"https:\/\/quatricinia.com\/wp-content\/uploads\/2026\/03\/Ungarischer-Dacianischer-Simpl-568x1024.jpg\" class=\"attachment-large size-large wp-image-1667\" alt=\"\" srcset=\"https:\/\/quatricinia.com\/wp-content\/uploads\/2026\/03\/Ungarischer-Dacianischer-Simpl-568x1024.jpg 568w, https:\/\/quatricinia.com\/wp-content\/uploads\/2026\/03\/Ungarischer-Dacianischer-Simpl-166x300.jpg 166w, https:\/\/quatricinia.com\/wp-content\/uploads\/2026\/03\/Ungarischer-Dacianischer-Simpl-768x1384.jpg 768w, https:\/\/quatricinia.com\/wp-content\/uploads\/2026\/03\/Ungarischer-Dacianischer-Simpl-852x1536.jpg 852w, https:\/\/quatricinia.com\/wp-content\/uploads\/2026\/03\/Ungarischer-Dacianischer-Simpl-1136x2048.jpg 1136w, https:\/\/quatricinia.com\/wp-content\/uploads\/2026\/03\/Ungarischer-Dacianischer-Simpl-7x12.jpg 7w, https:\/\/quatricinia.com\/wp-content\/uploads\/2026\/03\/Ungarischer-Dacianischer-Simpl-scaled.jpg 1420w\" sizes=\"(max-width: 568px) 100vw, 568px\" \/>\t\t\t\t\t\t\t\t<\/a>\n\t\t\t\t\t\t\t\t\t\t\t\t\t\t\t<\/div>\n\t\t\t\t<\/div>\n\t\t\t\t<div class=\"elementor-element elementor-element-a841bdd elementor-widget-divider--view-line elementor-widget elementor-widget-divider\" data-id=\"a841bdd\" data-element_type=\"widget\" data-e-type=\"widget\" data-widget_type=\"divider.default\">\n\t\t\t\t<div class=\"elementor-widget-container\">\n\t\t\t\t\t\t\t<div class=\"elementor-divider\">\n\t\t\t<span class=\"elementor-divider-separator\">\n\t\t\t\t\t\t<\/span>\n\t\t<\/div>\n\t\t\t\t\t\t<\/div>\n\t\t\t\t<\/div>\n\t\t\t\t\t<\/div>\n\t\t<\/div>\n\t\t\t\t\t<\/div>\n\t\t<\/section>\n\t\t\t\t<section class=\"elementor-section elementor-top-section elementor-element elementor-element-704033d elementor-section-boxed elementor-section-height-default elementor-section-height-default\" data-id=\"704033d\" data-element_type=\"section\" data-e-type=\"section\">\n\t\t\t\t\t\t<div class=\"elementor-container elementor-column-gap-default\">\n\t\t\t\t\t<div class=\"elementor-column elementor-col-100 elementor-top-column elementor-element elementor-element-e4b7150\" data-id=\"e4b7150\" data-element_type=\"column\" data-e-type=\"column\">\n\t\t\t<div class=\"elementor-widget-wrap elementor-element-populated\">\n\t\t\t\t\t\t<div class=\"elementor-element elementor-element-0ae1bd6 elementor-widget__width-initial elementor-widget elementor-widget-heading\" data-id=\"0ae1bd6\" data-element_type=\"widget\" data-e-type=\"widget\" data-widget_type=\"heading.default\">\n\t\t\t\t<div class=\"elementor-widget-container\">\n\t\t\t\t\t<h2 class=\"elementor-heading-title elementor-size-default\">Weckmann &amp; Van Wichel: Stadtpfeifersonaten nach dem Westf\u00e4lischen Frieden<\/h2>\t\t\t\t<\/div>\n\t\t\t\t<\/div>\n\t\t\t\t\t<\/div>\n\t\t<\/div>\n\t\t\t\t\t<\/div>\n\t\t<\/section>\n\t\t\t\t<section class=\"elementor-section elementor-top-section elementor-element elementor-element-ca23d37 elementor-section-boxed elementor-section-height-default elementor-section-height-default\" data-id=\"ca23d37\" data-element_type=\"section\" data-e-type=\"section\">\n\t\t\t\t\t\t<div class=\"elementor-container elementor-column-gap-default\">\n\t\t\t\t\t<div class=\"elementor-column elementor-col-100 elementor-top-column elementor-element elementor-element-acd917e\" data-id=\"acd917e\" data-element_type=\"column\" data-e-type=\"column\">\n\t\t\t<div class=\"elementor-widget-wrap elementor-element-populated\">\n\t\t\t\t\t\t<div class=\"elementor-element elementor-element-4f20a8c elementor-widget elementor-widget-image\" data-id=\"4f20a8c\" data-element_type=\"widget\" data-e-type=\"widget\" data-widget_type=\"image.default\">\n\t\t\t\t<div class=\"elementor-widget-container\">\n\t\t\t\t\t\t\t\t\t\t\t\t<figure class=\"wp-caption\">\n\t\t\t\t\t\t\t\t\t\t\t<a href=\"https:\/\/quatricinia.com\/en\/projekte\/weckmann-van-wichel\/\">\n\t\t\t\t\t\t\t<img decoding=\"async\" width=\"2041\" height=\"2560\" src=\"https:\/\/quatricinia.com\/wp-content\/uploads\/2026\/02\/Quatricinia-Soleuvre-2-scaled.jpg\" class=\"attachment-full size-full wp-image-1312\" alt=\"\" srcset=\"https:\/\/quatricinia.com\/wp-content\/uploads\/2026\/02\/Quatricinia-Soleuvre-2-scaled.jpg 2041w, https:\/\/quatricinia.com\/wp-content\/uploads\/2026\/02\/Quatricinia-Soleuvre-2-239x300.jpg 239w, https:\/\/quatricinia.com\/wp-content\/uploads\/2026\/02\/Quatricinia-Soleuvre-2-816x1024.jpg 816w, https:\/\/quatricinia.com\/wp-content\/uploads\/2026\/02\/Quatricinia-Soleuvre-2-768x963.jpg 768w, https:\/\/quatricinia.com\/wp-content\/uploads\/2026\/02\/Quatricinia-Soleuvre-2-1225x1536.jpg 1225w, https:\/\/quatricinia.com\/wp-content\/uploads\/2026\/02\/Quatricinia-Soleuvre-2-1633x2048.jpg 1633w, https:\/\/quatricinia.com\/wp-content\/uploads\/2026\/02\/Quatricinia-Soleuvre-2-10x12.jpg 10w\" sizes=\"(max-width: 2041px) 100vw, 2041px\" \/>\t\t\t\t\t\t\t\t<\/a>\n\t\t\t\t\t\t\t\t\t\t\t<figcaption class=\"widget-image-caption wp-caption-text\"><\/figcaption>\n\t\t\t\t\t\t\t\t\t\t<\/figure>\n\t\t\t\t\t\t\t\t\t<\/div>\n\t\t\t\t<\/div>\n\t\t\t\t\t<\/div>\n\t\t<\/div>\n\t\t\t\t\t<\/div>\n\t\t<\/section>\n\t\t\t\t<section class=\"elementor-section elementor-top-section elementor-element elementor-element-2cd6c1b elementor-section-boxed elementor-section-height-default elementor-section-height-default\" data-id=\"2cd6c1b\" data-element_type=\"section\" data-e-type=\"section\">\n\t\t\t\t\t\t<div class=\"elementor-container elementor-column-gap-default\">\n\t\t\t\t\t<div class=\"elementor-column elementor-col-100 elementor-top-column elementor-element elementor-element-f93b05d\" data-id=\"f93b05d\" data-element_type=\"column\" data-e-type=\"column\">\n\t\t\t<div class=\"elementor-widget-wrap elementor-element-populated\">\n\t\t\t\t\t\t<div class=\"elementor-element elementor-element-957060f elementor-widget-divider--view-line elementor-widget elementor-widget-divider\" data-id=\"957060f\" data-element_type=\"widget\" data-e-type=\"widget\" data-widget_type=\"divider.default\">\n\t\t\t\t<div class=\"elementor-widget-container\">\n\t\t\t\t\t\t\t<div class=\"elementor-divider\">\n\t\t\t<span class=\"elementor-divider-separator\">\n\t\t\t\t\t\t<\/span>\n\t\t<\/div>\n\t\t\t\t\t\t<\/div>\n\t\t\t\t<\/div>\n\t\t\t\t<div class=\"elementor-element elementor-element-41a89c5 elementor-widget elementor-widget-heading\" data-id=\"41a89c5\" data-element_type=\"widget\" data-e-type=\"widget\" data-widget_type=\"heading.default\">\n\t\t\t\t<div class=\"elementor-widget-container\">\n\t\t\t\t\t<h2 class=\"elementor-heading-title elementor-size-default\">Del Siglo de Oro al  Pasodoble (Siglo de Oro trifft Pasodoble)<\/h2>\t\t\t\t<\/div>\n\t\t\t\t<\/div>\n\t\t\t\t\t<\/div>\n\t\t<\/div>\n\t\t\t\t\t<\/div>\n\t\t<\/section>\n\t\t\t\t<section class=\"elementor-section elementor-top-section elementor-element elementor-element-0984871 elementor-section-boxed elementor-section-height-default elementor-section-height-default\" data-id=\"0984871\" data-element_type=\"section\" data-e-type=\"section\">\n\t\t\t\t\t\t<div class=\"elementor-container elementor-column-gap-default\">\n\t\t\t\t\t<div class=\"elementor-column elementor-col-100 elementor-top-column elementor-element elementor-element-20079a9\" data-id=\"20079a9\" data-element_type=\"column\" data-e-type=\"column\">\n\t\t\t<div class=\"elementor-widget-wrap elementor-element-populated\">\n\t\t\t\t\t\t<div class=\"elementor-element elementor-element-ddadb9f elementor-widget elementor-widget-image\" data-id=\"ddadb9f\" data-element_type=\"widget\" data-e-type=\"widget\" data-widget_type=\"image.default\">\n\t\t\t\t<div class=\"elementor-widget-container\">\n\t\t\t\t\t\t\t\t\t\t\t\t\t\t\t\t<a href=\"https:\/\/quatricinia.com\/en\/projekte\/del-siglo-de-oro-al-pasodoble-siglo-de-oro-trifft-pasodoble\/\">\n\t\t\t\t\t\t\t<img decoding=\"async\" width=\"800\" height=\"590\" src=\"https:\/\/quatricinia.com\/wp-content\/uploads\/2025\/11\/Cercle-Cite-2022-10-11-1024x755.jpg\" class=\"attachment-large size-large wp-image-1137\" alt=\"\" srcset=\"https:\/\/quatricinia.com\/wp-content\/uploads\/2025\/11\/Cercle-Cite-2022-10-11-1024x755.jpg 1024w, https:\/\/quatricinia.com\/wp-content\/uploads\/2025\/11\/Cercle-Cite-2022-10-11-300x221.jpg 300w, https:\/\/quatricinia.com\/wp-content\/uploads\/2025\/11\/Cercle-Cite-2022-10-11-768x566.jpg 768w, https:\/\/quatricinia.com\/wp-content\/uploads\/2025\/11\/Cercle-Cite-2022-10-11-16x12.jpg 16w, https:\/\/quatricinia.com\/wp-content\/uploads\/2025\/11\/Cercle-Cite-2022-10-11-700x516.jpg 700w, https:\/\/quatricinia.com\/wp-content\/uploads\/2025\/11\/Cercle-Cite-2022-10-11-520x384.jpg 520w, https:\/\/quatricinia.com\/wp-content\/uploads\/2025\/11\/Cercle-Cite-2022-10-11-360x266.jpg 360w, https:\/\/quatricinia.com\/wp-content\/uploads\/2025\/11\/Cercle-Cite-2022-10-11-250x184.jpg 250w, https:\/\/quatricinia.com\/wp-content\/uploads\/2025\/11\/Cercle-Cite-2022-10-11-100x74.jpg 100w, https:\/\/quatricinia.com\/wp-content\/uploads\/2025\/11\/Cercle-Cite-2022-10-11.jpg 1284w\" sizes=\"(max-width: 800px) 100vw, 800px\" \/>\t\t\t\t\t\t\t\t<\/a>\n\t\t\t\t\t\t\t\t\t\t\t\t\t\t\t<\/div>\n\t\t\t\t<\/div>\n\t\t\t\t<div class=\"elementor-element elementor-element-4788db7 elementor-widget-divider--view-line elementor-widget elementor-widget-divider\" data-id=\"4788db7\" data-element_type=\"widget\" data-e-type=\"widget\" data-widget_type=\"divider.default\">\n\t\t\t\t<div class=\"elementor-widget-container\">\n\t\t\t\t\t\t\t<div class=\"elementor-divider\">\n\t\t\t<span class=\"elementor-divider-separator\">\n\t\t\t\t\t\t<\/span>\n\t\t<\/div>\n\t\t\t\t\t\t<\/div>\n\t\t\t\t<\/div>\n\t\t\t\t\t<\/div>\n\t\t<\/div>\n\t\t\t\t\t<\/div>\n\t\t<\/section>\n\t\t\t\t<section class=\"elementor-section elementor-top-section elementor-element elementor-element-6f8d7d8 elementor-section-boxed elementor-section-height-default elementor-section-height-default\" data-id=\"6f8d7d8\" data-element_type=\"section\" data-e-type=\"section\">\n\t\t\t\t\t\t<div class=\"elementor-container elementor-column-gap-default\">\n\t\t\t\t\t<div class=\"elementor-column elementor-col-100 elementor-top-column elementor-element elementor-element-49c8c24\" data-id=\"49c8c24\" data-element_type=\"column\" data-e-type=\"column\">\n\t\t\t<div class=\"elementor-widget-wrap elementor-element-populated\">\n\t\t\t\t\t\t<div class=\"elementor-element elementor-element-c8cfe6b elementor-widget elementor-widget-heading\" data-id=\"c8cfe6b\" data-element_type=\"widget\" data-e-type=\"widget\" data-widget_type=\"heading.default\">\n\t\t\t\t<div class=\"elementor-widget-container\">\n\t\t\t\t\t<h2 class=\"elementor-heading-title elementor-size-default\"><br>La Historia del Cautivo (The Captive\u2019s Tale)<\/h2>\t\t\t\t<\/div>\n\t\t\t\t<\/div>\n\t\t\t\t\t<\/div>\n\t\t<\/div>\n\t\t\t\t\t<\/div>\n\t\t<\/section>\n\t\t\t\t<section class=\"elementor-section elementor-top-section elementor-element elementor-element-a423173 elementor-section-boxed elementor-section-height-default elementor-section-height-default\" data-id=\"a423173\" data-element_type=\"section\" data-e-type=\"section\">\n\t\t\t\t\t\t<div class=\"elementor-container elementor-column-gap-default\">\n\t\t\t\t\t<div class=\"elementor-column elementor-col-100 elementor-top-column elementor-element elementor-element-daa3935\" data-id=\"daa3935\" data-element_type=\"column\" data-e-type=\"column\">\n\t\t\t<div class=\"elementor-widget-wrap elementor-element-populated\">\n\t\t\t\t\t\t<div class=\"elementor-element elementor-element-d2d2f74 elementor-widget elementor-widget-image\" data-id=\"d2d2f74\" data-element_type=\"widget\" data-e-type=\"widget\" data-widget_type=\"image.default\">\n\t\t\t\t<div class=\"elementor-widget-container\">\n\t\t\t\t\t\t\t\t\t\t\t\t<figure class=\"wp-caption\">\n\t\t\t\t\t\t\t\t\t\t\t<a href=\"https:\/\/quatricinia.com\/en\/projekte\/historia-del-cautivo\/\">\n\t\t\t\t\t\t\t<img loading=\"lazy\" decoding=\"async\" width=\"2560\" height=\"1080\" src=\"https:\/\/quatricinia.com\/wp-content\/uploads\/2019\/08\/La-Historia-del-Cautivo-A.Kurkowiak.png\" class=\"attachment-full size-full wp-image-499\" alt=\"Foto A. Kurkowiak\" srcset=\"https:\/\/quatricinia.com\/wp-content\/uploads\/2019\/08\/La-Historia-del-Cautivo-A.Kurkowiak.png 2560w, https:\/\/quatricinia.com\/wp-content\/uploads\/2019\/08\/La-Historia-del-Cautivo-A.Kurkowiak-300x127.png 300w, https:\/\/quatricinia.com\/wp-content\/uploads\/2019\/08\/La-Historia-del-Cautivo-A.Kurkowiak-768x324.png 768w, https:\/\/quatricinia.com\/wp-content\/uploads\/2019\/08\/La-Historia-del-Cautivo-A.Kurkowiak-1024x432.png 1024w, https:\/\/quatricinia.com\/wp-content\/uploads\/2019\/08\/La-Historia-del-Cautivo-A.Kurkowiak-700x295.png 700w, https:\/\/quatricinia.com\/wp-content\/uploads\/2019\/08\/La-Historia-del-Cautivo-A.Kurkowiak-520x219.png 520w, https:\/\/quatricinia.com\/wp-content\/uploads\/2019\/08\/La-Historia-del-Cautivo-A.Kurkowiak-360x152.png 360w, https:\/\/quatricinia.com\/wp-content\/uploads\/2019\/08\/La-Historia-del-Cautivo-A.Kurkowiak-250x105.png 250w, https:\/\/quatricinia.com\/wp-content\/uploads\/2019\/08\/La-Historia-del-Cautivo-A.Kurkowiak-100x42.png 100w\" sizes=\"(max-width: 2560px) 100vw, 2560px\" \/>\t\t\t\t\t\t\t\t<\/a>\n\t\t\t\t\t\t\t\t\t\t\t<figcaption class=\"widget-image-caption wp-caption-text\">Foto A. Kurkowiak<\/figcaption>\n\t\t\t\t\t\t\t\t\t\t<\/figure>\n\t\t\t\t\t\t\t\t\t<\/div>\n\t\t\t\t<\/div>\n\t\t\t\t\t<\/div>\n\t\t<\/div>\n\t\t\t\t\t<\/div>\n\t\t<\/section>\n\t\t\t\t<section class=\"elementor-section elementor-top-section elementor-element elementor-element-85a03b9 elementor-section-boxed elementor-section-height-default elementor-section-height-default\" data-id=\"85a03b9\" data-element_type=\"section\" data-e-type=\"section\">\n\t\t\t\t\t\t<div class=\"elementor-container elementor-column-gap-default\">\n\t\t\t\t\t<div class=\"elementor-column elementor-col-100 elementor-top-column elementor-element elementor-element-2aced2f\" data-id=\"2aced2f\" data-element_type=\"column\" data-e-type=\"column\">\n\t\t\t<div class=\"elementor-widget-wrap elementor-element-populated\">\n\t\t\t\t\t\t<div class=\"elementor-element elementor-element-91313a6 elementor-widget-divider--view-line elementor-widget elementor-widget-divider\" data-id=\"91313a6\" data-element_type=\"widget\" data-e-type=\"widget\" data-widget_type=\"divider.default\">\n\t\t\t\t<div class=\"elementor-widget-container\">\n\t\t\t\t\t\t\t<div class=\"elementor-divider\">\n\t\t\t<span class=\"elementor-divider-separator\">\n\t\t\t\t\t\t<\/span>\n\t\t<\/div>\n\t\t\t\t\t\t<\/div>\n\t\t\t\t<\/div>\n\t\t\t\t<div class=\"elementor-element elementor-element-22c9e10 elementor-widget elementor-widget-heading\" data-id=\"22c9e10\" data-element_type=\"widget\" data-e-type=\"widget\" data-widget_type=\"heading.default\">\n\t\t\t\t<div class=\"elementor-widget-container\">\n\t\t\t\t\t<h2 class=\"elementor-heading-title elementor-size-default\">Die Blechgeschichte (The Story of Brass)<\/h2>\t\t\t\t<\/div>\n\t\t\t\t<\/div>\n\t\t\t\t<div class=\"elementor-element elementor-element-fc3b67b elementor-widget elementor-widget-spacer\" data-id=\"fc3b67b\" data-element_type=\"widget\" data-e-type=\"widget\" data-widget_type=\"spacer.default\">\n\t\t\t\t<div class=\"elementor-widget-container\">\n\t\t\t\t\t\t\t<div class=\"elementor-spacer\">\n\t\t\t<div class=\"elementor-spacer-inner\"><\/div>\n\t\t<\/div>\n\t\t\t\t\t\t<\/div>\n\t\t\t\t<\/div>\n\t\t\t\t<div class=\"elementor-element elementor-element-20086d0 elementor-widget elementor-widget-image\" data-id=\"20086d0\" data-element_type=\"widget\" data-e-type=\"widget\" data-widget_type=\"image.default\">\n\t\t\t\t<div class=\"elementor-widget-container\">\n\t\t\t\t\t\t\t\t\t\t\t\t\t\t\t\t<a href=\"https:\/\/quatricinia.com\/en\/projekte\/die-blechgeschichte\/\">\n\t\t\t\t\t\t\t<img loading=\"lazy\" decoding=\"async\" width=\"768\" height=\"1152\" src=\"https:\/\/quatricinia.com\/wp-content\/uploads\/2025\/12\/TrumpetTree1hires-768x1152.jpg\" class=\"attachment-medium_large size-medium_large wp-image-1191\" alt=\"\" srcset=\"https:\/\/quatricinia.com\/wp-content\/uploads\/2025\/12\/TrumpetTree1hires-768x1152.jpg 768w, https:\/\/quatricinia.com\/wp-content\/uploads\/2025\/12\/TrumpetTree1hires-200x300.jpg 200w, https:\/\/quatricinia.com\/wp-content\/uploads\/2025\/12\/TrumpetTree1hires-683x1024.jpg 683w, https:\/\/quatricinia.com\/wp-content\/uploads\/2025\/12\/TrumpetTree1hires-1024x1536.jpg 1024w, https:\/\/quatricinia.com\/wp-content\/uploads\/2025\/12\/TrumpetTree1hires-1365x2048.jpg 1365w, https:\/\/quatricinia.com\/wp-content\/uploads\/2025\/12\/TrumpetTree1hires-8x12.jpg 8w, https:\/\/quatricinia.com\/wp-content\/uploads\/2025\/12\/TrumpetTree1hires-700x1050.jpg 700w, https:\/\/quatricinia.com\/wp-content\/uploads\/2025\/12\/TrumpetTree1hires-520x780.jpg 520w, https:\/\/quatricinia.com\/wp-content\/uploads\/2025\/12\/TrumpetTree1hires-360x540.jpg 360w, https:\/\/quatricinia.com\/wp-content\/uploads\/2025\/12\/TrumpetTree1hires-250x375.jpg 250w, https:\/\/quatricinia.com\/wp-content\/uploads\/2025\/12\/TrumpetTree1hires-100x150.jpg 100w, https:\/\/quatricinia.com\/wp-content\/uploads\/2025\/12\/TrumpetTree1hires-scaled.jpg 1707w\" sizes=\"(max-width: 768px) 100vw, 768px\" \/>\t\t\t\t\t\t\t\t<\/a>\n\t\t\t\t\t\t\t\t\t\t\t\t\t\t\t<\/div>\n\t\t\t\t<\/div>\n\t\t\t\t\t<\/div>\n\t\t<\/div>\n\t\t\t\t\t<\/div>\n\t\t<\/section>\n\t\t\t\t<\/div>","protected":false},"excerpt":{"rendered":"<p>Der Musikalisch-T\u00fcrkisch Eulenspiegel Weckmann &amp; Van Wichel: Stadtpfeifersonaten nach dem Westf\u00e4lischen Frieden Del Siglo de Oro al Pasodoble (Siglo de Oro trifft Pasodoble) La Historia del Cautivo (Die Erz\u00e4hlung des Gefangenen) Foto A. Kurkowiak Die Blechgeschichte<\/p>","protected":false},"author":1,"featured_media":0,"parent":0,"menu_order":0,"comment_status":"closed","ping_status":"closed","template":"","meta":{"footnotes":""},"class_list":["post-293","page","type-page","status-publish","hentry"],"_links":{"self":[{"href":"https:\/\/quatricinia.com\/en\/wp-json\/wp\/v2\/pages\/293","targetHints":{"allow":["GET"]}}],"collection":[{"href":"https:\/\/quatricinia.com\/en\/wp-json\/wp\/v2\/pages"}],"about":[{"href":"https:\/\/quatricinia.com\/en\/wp-json\/wp\/v2\/types\/page"}],"author":[{"embeddable":true,"href":"https:\/\/quatricinia.com\/en\/wp-json\/wp\/v2\/users\/1"}],"replies":[{"embeddable":true,"href":"https:\/\/quatricinia.com\/en\/wp-json\/wp\/v2\/comments?post=293"}],"version-history":[{"count":120,"href":"https:\/\/quatricinia.com\/en\/wp-json\/wp\/v2\/pages\/293\/revisions"}],"predecessor-version":[{"id":1715,"href":"https:\/\/quatricinia.com\/en\/wp-json\/wp\/v2\/pages\/293\/revisions\/1715"}],"wp:attachment":[{"href":"https:\/\/quatricinia.com\/en\/wp-json\/wp\/v2\/media?parent=293"}],"curies":[{"name":"wp","href":"https:\/\/api.w.org\/{rel}","templated":true}]}}