{"id":1432,"date":"2026-02-19T20:24:20","date_gmt":"2026-02-19T20:24:20","guid":{"rendered":"https:\/\/quatricinia.com\/?page_id=1432"},"modified":"2026-03-30T09:59:45","modified_gmt":"2026-03-30T09:59:45","slug":"historia-del-cautivo","status":"publish","type":"page","link":"https:\/\/quatricinia.com\/en\/projekte\/historia-del-cautivo","title":{"rendered":"La Historia del Cautivo (The Captive\u2019s Tale)"},"content":{"rendered":"<div data-elementor-type=\"wp-page\" data-elementor-id=\"1432\" class=\"elementor elementor-1432\">\n\t\t\t\t\t\t<section class=\"elementor-section elementor-top-section elementor-element elementor-element-e04bed3 elementor-section-boxed elementor-section-height-default elementor-section-height-default\" data-id=\"e04bed3\" data-element_type=\"section\" data-e-type=\"section\">\n\t\t\t\t\t\t<div class=\"elementor-container elementor-column-gap-default\">\n\t\t\t\t\t<div class=\"elementor-column elementor-col-100 elementor-top-column elementor-element elementor-element-861be86\" data-id=\"861be86\" data-element_type=\"column\" data-e-type=\"column\">\n\t\t\t<div class=\"elementor-widget-wrap elementor-element-populated\">\n\t\t\t\t\t\t<div class=\"elementor-element elementor-element-d535067 elementor-widget elementor-widget-video\" data-id=\"d535067\" data-element_type=\"widget\" data-e-type=\"widget\" data-settings=\"{&quot;youtube_url&quot;:&quot;https:\\\/\\\/www.youtube.com\\\/watch?v=zCMgF3LF1PM&quot;,&quot;video_type&quot;:&quot;youtube&quot;,&quot;controls&quot;:&quot;yes&quot;}\" data-widget_type=\"video.default\">\n\t\t\t\t<div class=\"elementor-widget-container\">\n\t\t\t\t\t\t\t<div class=\"elementor-wrapper elementor-open-inline\">\n\t\t\t<div class=\"elementor-video\"><\/div>\t\t<\/div>\n\t\t\t\t\t\t<\/div>\n\t\t\t\t<\/div>\n\t\t\t\t\t<\/div>\n\t\t<\/div>\n\t\t\t\t\t<\/div>\n\t\t<\/section>\n\t\t\t\t<section class=\"elementor-section elementor-top-section elementor-element elementor-element-6819184 elementor-section-boxed elementor-section-height-default elementor-section-height-default\" data-id=\"6819184\" data-element_type=\"section\" data-e-type=\"section\">\n\t\t\t\t\t\t<div class=\"elementor-container elementor-column-gap-default\">\n\t\t\t\t\t<div class=\"elementor-column elementor-col-100 elementor-top-column elementor-element elementor-element-e6299bb\" data-id=\"e6299bb\" data-element_type=\"column\" data-e-type=\"column\">\n\t\t\t<div class=\"elementor-widget-wrap elementor-element-populated\">\n\t\t\t\t\t\t<div class=\"elementor-element elementor-element-03628e9 elementor-widget elementor-widget-text-editor\" data-id=\"03628e9\" data-element_type=\"widget\" data-e-type=\"widget\" data-widget_type=\"text-editor.default\">\n\t\t\t\t<div class=\"elementor-widget-container\">\n\t\t\t\t\t\t\t\t\t<p class=\"MsoNormal\"><span lang=\"DE\"><br><\/span><\/p><p class=\"MsoNormal\"><span lang=\"DE\">The Captive\u2019s Tale is a musical theatrical production which was created and performed by Quatricinia after a script composed by Idoia Bengoa, together with actors of the theatre company Theatrum and under the direction of May S\u00e1nchez. The story is taken from chapters 39 to 41 of Miguel de Cervantes\u2019 The Ingenious Gentleman Don Quixote of La Mancha, where Captain Ruy P\u00e9rez de Viedma tells Don Quixotte and Sancho Panza about his voyages through Europe, the naval battles of Lepanto and La Goulette and his imprisonment in Algiers. Part of his narration is based on Cervantes\u2019 own life.\nBut it\u2019s really the music of Cervantes\u2019 time which leads the show. Throughout the spectacle, Quatricinia guides the audience through the story with music from the Spanish, Italian and French Renaissance, as well as traditional music from the Mediterranean area.<o:p><\/o:p><\/span><\/p>\t\t\t\t\t\t\t\t<\/div>\n\t\t\t\t<\/div>\n\t\t\t\t<div class=\"elementor-element elementor-element-405d5af elementor-widget elementor-widget-text-editor\" data-id=\"405d5af\" data-element_type=\"widget\" data-e-type=\"widget\" data-widget_type=\"text-editor.default\">\n\t\t\t\t<div class=\"elementor-widget-container\">\n\t\t\t\t\t\t\t\t\t<p><\/p>\n<p>This project came to life 2016 in Luxembourg at the Salle Robert Krieps of the Abbaye de Neumunster. It was chosen as part of the official programme celebrating the 4th centenary of Miguel de Cervantes\u2019 death.<\/p>\t\t\t\t\t\t\t\t<\/div>\n\t\t\t\t<\/div>\n\t\t\t\t\t<\/div>\n\t\t<\/div>\n\t\t\t\t\t<\/div>\n\t\t<\/section>\n\t\t\t\t<\/div>","protected":false},"excerpt":{"rendered":"<p>https:\/\/www.youtube.com\/watch?v=zCMgF3LF1PM Bei einem ihrer vielen Abenteuer machen Don Quijote und Sancho Panza in einer&nbsp;Herberge Halt, in der auch ein aus einem maurischen Gef\u00e4ngnis entkommener&nbsp;Gefangener unterkommt. Nach dem Abendessen erz\u00e4hlt er seine&nbsp;Geschichte, die uns von Spanien nach Italien und Flandern f\u00fchrt. Er erz\u00e4hlt von&nbsp;der&nbsp; Seeschlacht von Lepanto und seiner Gefangenschaft in Algier, wo er die&nbsp;sch\u00f6ne Zoraida [&hellip;]<\/p>\n","protected":false},"author":1,"featured_media":499,"parent":293,"menu_order":4,"comment_status":"closed","ping_status":"closed","template":"","meta":{"footnotes":""},"class_list":["post-1432","page","type-page","status-publish","has-post-thumbnail","hentry"],"_links":{"self":[{"href":"https:\/\/quatricinia.com\/en\/wp-json\/wp\/v2\/pages\/1432","targetHints":{"allow":["GET"]}}],"collection":[{"href":"https:\/\/quatricinia.com\/en\/wp-json\/wp\/v2\/pages"}],"about":[{"href":"https:\/\/quatricinia.com\/en\/wp-json\/wp\/v2\/types\/page"}],"author":[{"embeddable":true,"href":"https:\/\/quatricinia.com\/en\/wp-json\/wp\/v2\/users\/1"}],"replies":[{"embeddable":true,"href":"https:\/\/quatricinia.com\/en\/wp-json\/wp\/v2\/comments?post=1432"}],"version-history":[{"count":13,"href":"https:\/\/quatricinia.com\/en\/wp-json\/wp\/v2\/pages\/1432\/revisions"}],"predecessor-version":[{"id":1487,"href":"https:\/\/quatricinia.com\/en\/wp-json\/wp\/v2\/pages\/1432\/revisions\/1487"}],"up":[{"embeddable":true,"href":"https:\/\/quatricinia.com\/en\/wp-json\/wp\/v2\/pages\/293"}],"wp:featuredmedia":[{"embeddable":true,"href":"https:\/\/quatricinia.com\/en\/wp-json\/wp\/v2\/media\/499"}],"wp:attachment":[{"href":"https:\/\/quatricinia.com\/en\/wp-json\/wp\/v2\/media?parent=1432"}],"curies":[{"name":"wp","href":"https:\/\/api.w.org\/{rel}","templated":true}]}}